{"id":115,"date":"2023-07-08T13:41:39","date_gmt":"2023-07-08T16:41:39","guid":{"rendered":"https:\/\/unice.br\/site\/?page_id=115"},"modified":"2023-07-11T20:22:35","modified_gmt":"2023-07-11T23:22:35","slug":"docencia-no-ensino-superior","status":"publish","type":"page","link":"https:\/\/unice.br\/site\/index.php\/docencia-no-ensino-superior\/","title":{"rendered":"Doc\u00eancia do Ensino Superior"},"content":{"rendered":"<p><span style=\"color: #000000;\"><strong>ESPECIALIZA\u00c7\u00c3O EM DOC\u00caNCIA NO ENSINO SUPERIOR, GEST\u00c3O E TUTORIA H\u00cdBRIDO E EAD<\/strong><\/span><\/p>\n<p style=\"text-align: justify;\"><span style=\"font-weight: 400; color: #000000;\">Nas pautas atuais a Educa\u00e7\u00e3o exige uma metodologia diferenciada, a fundamenta\u00e7\u00e3o te\u00f3rica e legal, al\u00e9m de estrat\u00e9gias pedag\u00f3gicas e administrativas, desenvolvendo, implementando e aprimorando processos educacionais. Nesse sentido, faz-se necess\u00e1rio a possibilita\u00e7\u00e3o do acesso ao saber referente \u00e0 estrutura, \u00e0 din\u00e2mica e aos recursos modernos da multim\u00eddia aplic\u00e1veis ao ensino h\u00edbrido, como tamb\u00e9m, ao EAD-Educa\u00e7\u00e3o \u00e0 Dist\u00e2ncia. Conceitos da linguagem, dos recursos, das plataformas, da cultura e da pr\u00e1tica s\u00e3o integrados em condi\u00e7\u00f5es \u00e0 implementa\u00e7\u00e3o, ao desenvolvimento e ao gerenciamento dos mecanismos de educa\u00e7\u00e3o, no aprimoramento dos processos educacionais.<\/span><\/p>\n<p><span style=\"color: #000000;\"><strong>Carga Hor\u00e1ria:<\/strong> 440 horas<\/span><br \/>\n<span style=\"color: #000000;\"><strong>Modalidade:<\/strong> Ensino H\u00edbrido<\/span><br \/>\n<span style=\"color: #000000;\"><strong>Dura\u00e7\u00e3o:<\/strong> 15 meses<\/span><br \/>\n<strong><span style=\"color: #000000;\">Descontos promocionais at\u00e9 30%<\/span><\/strong><br \/>\n<span style=\"color: #000000;\"><strong>Professores:<\/strong> Doutores, Mestres e Especialistas<\/span><\/p>\n<p><strong><span style=\"color: #000000;\">MATRIZ CURRICULAR<\/span><\/strong><\/p>\n<ul>\n<li><span style=\"color: #000000;\">Aspectos Significativos da Pesquisa na \u00c1rea de Conhecimento do Curso<\/span><\/li>\n<li><span style=\"color: #000000;\">Sociologia: Constru\u00e7\u00e3o do Conhecimento<\/span><\/li>\n<li><span style=\"color: #000000;\">Teorias da Aprendizagem<\/span><\/li>\n<li><span style=\"color: #000000;\">Ci\u00eancia da Educa\u00e7\u00e3o: Psicologia<\/span><\/li>\n<li><span style=\"color: #000000;\">Ci\u00eancia da Educa\u00e7\u00e3o: Filosofia e \u00c9tica<\/span><\/li>\n<li><span style=\"color: #000000;\">Macro e Microssistema da Economia Brasileira: Vetores Econ\u00f4mico e Cultural<\/span><\/li>\n<li><span style=\"color: #000000;\">Inclus\u00e3o no Processo Educativo<\/span><\/li>\n<li><span style=\"color: #000000;\">Comunica\u00e7\u00e3o Docente \u2013 Did\u00e1tica<\/span><\/li>\n<li><span style=\"color: #000000;\">Planejamento Educacional<\/span><\/li>\n<li><span style=\"color: #000000;\">Teoria e Pr\u00e1tica da Avalia\u00e7\u00e3o<\/span><\/li>\n<li><span style=\"color: #000000;\">O Ensino e a Aprendizagem: Pesquisa Cient\u00edfica<\/span><\/li>\n<li><span style=\"color: #000000;\">Fen\u00f4menos Perceptivos e Aprendizagem<\/span><\/li>\n<li><span style=\"color: #000000;\">Tecnologia da Informa\u00e7\u00e3o<\/span><\/li>\n<li><span style=\"color: #000000;\">Gest\u00e3o Tutoria<\/span><\/li>\n<li><span style=\"color: #000000;\">Teoria e Pr\u00e1tica Pedag\u00f3gica de Campo (est\u00e1gio supervisionado)<\/span><\/li>\n<\/ul>\n","protected":false},"excerpt":{"rendered":"<p>ESPECIALIZA\u00c7\u00c3O EM DOC\u00caNCIA NO ENSINO SUPERIOR, GEST\u00c3O E TUTORIA H\u00cdBRIDO E EAD Nas pautas atuais a Educa\u00e7\u00e3o exige uma metodologia diferenciada, a fundamenta\u00e7\u00e3o te\u00f3rica e legal, al\u00e9m de estrat\u00e9gias pedag\u00f3gicas e administrativas, desenvolvendo, implementando e aprimorando processos educacionais. Nesse sentido, faz-se necess\u00e1rio a possibilita\u00e7\u00e3o do acesso ao saber referente \u00e0 estrutura, \u00e0 din\u00e2mica e aos<\/p><\/div>\n<div class=\"blog-btn\"><a href=\"https:\/\/unice.br\/site\/index.php\/docencia-no-ensino-superior\/\" class=\"home-blog-btn\">Ler mais<\/a><\/p>\n","protected":false},"author":1,"featured_media":0,"parent":0,"menu_order":0,"comment_status":"closed","ping_status":"closed","template":"","meta":{"footnotes":""},"class_list":["post-115","page","type-page","status-publish","hentry"],"_links":{"self":[{"href":"https:\/\/unice.br\/site\/index.php\/wp-json\/wp\/v2\/pages\/115","targetHints":{"allow":["GET"]}}],"collection":[{"href":"https:\/\/unice.br\/site\/index.php\/wp-json\/wp\/v2\/pages"}],"about":[{"href":"https:\/\/unice.br\/site\/index.php\/wp-json\/wp\/v2\/types\/page"}],"author":[{"embeddable":true,"href":"https:\/\/unice.br\/site\/index.php\/wp-json\/wp\/v2\/users\/1"}],"replies":[{"embeddable":true,"href":"https:\/\/unice.br\/site\/index.php\/wp-json\/wp\/v2\/comments?post=115"}],"version-history":[{"count":4,"href":"https:\/\/unice.br\/site\/index.php\/wp-json\/wp\/v2\/pages\/115\/revisions"}],"predecessor-version":[{"id":224,"href":"https:\/\/unice.br\/site\/index.php\/wp-json\/wp\/v2\/pages\/115\/revisions\/224"}],"wp:attachment":[{"href":"https:\/\/unice.br\/site\/index.php\/wp-json\/wp\/v2\/media?parent=115"}],"curies":[{"name":"wp","href":"https:\/\/api.w.org\/{rel}","templated":true}]}}