{"id":118,"date":"2023-07-08T13:43:11","date_gmt":"2023-07-08T16:43:11","guid":{"rendered":"https:\/\/unice.br\/site\/?page_id=118"},"modified":"2023-07-11T20:30:51","modified_gmt":"2023-07-11T23:30:51","slug":"psicopedagogia","status":"publish","type":"page","link":"https:\/\/unice.br\/site\/index.php\/psicopedagogia\/","title":{"rendered":"Psicopedagogia"},"content":{"rendered":"<p><span style=\"color: #000000;\"><strong>PSICOPEDAGOGIA INSTITUCIONAL, CL\u00cdNICA E HOSPITALAR (EMPRESARIAL)<\/strong><\/span><\/p>\n<p style=\"text-align: justify;\"><span style=\"color: #000000;\">Envolve o desenvolvimento e a constru\u00e7\u00e3o da aprendizagem humana, como fundamental import\u00e2ncia tanto no que diz respeito \u00e0 articula\u00e7\u00e3o com a fam\u00edlia, como com o pr\u00f3prio sujeito, com a escola, com projetos sociais em empresas, em cl\u00ednicas, em hospitais ou organiza\u00e7\u00f5es, fundamentando o estabelecimento do v\u00ednculo de aceitabilidade com suas facilidades e dificuldades.<\/span><\/p>\n<p><span style=\"color: #000000;\"><strong>Carga Hor\u00e1ria:<\/strong> 720 horas<\/span><br \/>\n<span style=\"color: #000000;\"><strong>Modaliade:<\/strong> Ensino H\u00edbrido (aulas pr\u00e1ticas e est\u00e1gios supervisionados)<\/span><br \/>\n<span style=\"color: #000000;\"><strong>Dura\u00e7\u00e3o:<\/strong>23 meses<\/span><br \/>\n<span style=\"color: #000000;\"><strong>Descontos promocionais at\u00e9 30%<\/strong><\/span><br \/>\n<span style=\"color: #000000;\"><strong>Professores:<\/strong> doutores, Mestres e Especialistas<\/span><\/p>\n<p><span style=\"color: #000000;\"><strong>MATRIZ CURRICULAR<\/strong><\/span><\/p>\n<ul>\n<li><span style=\"color: #000000;\">Fundamentos da Psicopedagogia<\/span><\/li>\n<li><span style=\"color: #000000;\">Metodologia Cient\u00edfica<\/span><\/li>\n<li><span style=\"color: #000000;\">Ci\u00eancia da Educa\u00e7\u00e3o: Filosofia e \u00c9tica<\/span><\/li>\n<li><span style=\"color: #000000;\">Tecnologias da Informa\u00e7\u00e3o na Educa\u00e7\u00e3o: Informa\u00e7\u00e3o e Comunica\u00e7\u00e3o<\/span><\/li>\n<li><span style=\"color: #000000;\">Fundamentos Psicanal\u00edticos na Pr\u00e1tica Psicopedag\u00f3gica.<\/span><\/li>\n<li><span style=\"color: #000000;\">Fundamentos da Neurologia e Aprendizagem<\/span><\/li>\n<li><span style=\"color: #000000;\">Neuro psicopedagogia<\/span><\/li>\n<li><span style=\"color: #000000;\">Dificuldades de Aprendizagem e Psicopatologias<\/span><\/li>\n<li><span style=\"color: #000000;\">Inclus\u00e3o<\/span><\/li>\n<li><span style=\"color: #000000;\">Constru\u00e7\u00e3o da Psicomotricidade e Grafomotricidade<\/span><\/li>\n<li><span style=\"color: #000000;\">Constru\u00e7\u00e3o da Fonoaudiologia na Psicopedagogia<\/span><\/li>\n<li><span style=\"color: #000000;\">T\u00e9cnicas de Interven\u00e7\u00e3o na Leitura e na Escrita<\/span><\/li>\n<li><span style=\"color: #000000;\">Teorias da Aprendizagem Sociointeracionistas: Piaget \u2013 Vygotsky \u2013 Wallon<\/span><\/li>\n<li><span style=\"color: #000000;\">Provas Operat\u00f3rias de Piaget<\/span><\/li>\n<li><span style=\"color: #000000;\">Psicopedagogia Institucional: Did\u00e1tica. e Planejamento<\/span><\/li>\n<li><span style=\"color: #000000;\">T\u00e1ticas e Estrat\u00e9gias Educacionais: Jogos, Din\u00e2micas, Gamifica\u00e7\u00e3o<\/span><\/li>\n<li><span style=\"color: #000000;\">Farmacologia e Psicopedagogia<\/span><\/li>\n<li><span style=\"color: #000000;\">Psicogerontologia<\/span><\/li>\n<li><span style=\"color: #000000;\">Diagn\u00f3stico Psicopedag\u00f3gico I: Interven\u00e7\u00e3o Psicopedag\u00f3gica Institucional e Organizacional<\/span><\/li>\n<li><span style=\"color: #000000;\">Diagn\u00f3stico Psicopedag\u00f3gico II.: Interven\u00e7\u00e3o Psicopedag\u00f3gica Cl\u00ednica<\/span><\/li>\n<li><span style=\"color: #000000;\">Aspectos Legais das Classes Hospitalares: Qualidade de Vida, Servi\u00e7os em Sa\u00fade<\/span><\/li>\n<li><span style=\"color: #000000;\">Psicologia Hospitalar: Sa\u00fade, Doen\u00e7a e Morte<\/span><\/li>\n<li><span style=\"color: #000000;\">Projetos Pedag\u00f3gicos na Psicopedagogia Hospitalar<\/span><\/li>\n<li><span style=\"color: #000000;\">Est\u00e1gio Supervisionado Institucional<\/span><\/li>\n<li><span style=\"color: #000000;\">Est\u00e1gio Supervisionado Cl\u00ednico<\/span><\/li>\n<li><span style=\"color: #000000;\">Est\u00e1gio Supervisionado Hospitalar<\/span><\/li>\n<li><span style=\"color: #000000;\">A Pesquisa na \u00c1rea de Conhecimento do Curso<\/span><\/li>\n<\/ul>\n","protected":false},"excerpt":{"rendered":"<p>PSICOPEDAGOGIA INSTITUCIONAL, CL\u00cdNICA E HOSPITALAR (EMPRESARIAL) Envolve o desenvolvimento e a constru\u00e7\u00e3o da aprendizagem humana, como fundamental import\u00e2ncia tanto no que diz respeito \u00e0 articula\u00e7\u00e3o com a fam\u00edlia, como com o pr\u00f3prio sujeito, com a escola, com projetos sociais em empresas, em cl\u00ednicas, em hospitais ou organiza\u00e7\u00f5es, fundamentando o estabelecimento do v\u00ednculo de aceitabilidade com<\/p><\/div>\n<div class=\"blog-btn\"><a href=\"https:\/\/unice.br\/site\/index.php\/psicopedagogia\/\" class=\"home-blog-btn\">Ler mais<\/a><\/p>\n","protected":false},"author":1,"featured_media":0,"parent":0,"menu_order":0,"comment_status":"closed","ping_status":"closed","template":"","meta":{"footnotes":""},"class_list":["post-118","page","type-page","status-publish","hentry"],"_links":{"self":[{"href":"https:\/\/unice.br\/site\/index.php\/wp-json\/wp\/v2\/pages\/118","targetHints":{"allow":["GET"]}}],"collection":[{"href":"https:\/\/unice.br\/site\/index.php\/wp-json\/wp\/v2\/pages"}],"about":[{"href":"https:\/\/unice.br\/site\/index.php\/wp-json\/wp\/v2\/types\/page"}],"author":[{"embeddable":true,"href":"https:\/\/unice.br\/site\/index.php\/wp-json\/wp\/v2\/users\/1"}],"replies":[{"embeddable":true,"href":"https:\/\/unice.br\/site\/index.php\/wp-json\/wp\/v2\/comments?post=118"}],"version-history":[{"count":2,"href":"https:\/\/unice.br\/site\/index.php\/wp-json\/wp\/v2\/pages\/118\/revisions"}],"predecessor-version":[{"id":226,"href":"https:\/\/unice.br\/site\/index.php\/wp-json\/wp\/v2\/pages\/118\/revisions\/226"}],"wp:attachment":[{"href":"https:\/\/unice.br\/site\/index.php\/wp-json\/wp\/v2\/media?parent=118"}],"curies":[{"name":"wp","href":"https:\/\/api.w.org\/{rel}","templated":true}]}}