{"id":165,"date":"2023-07-08T18:04:33","date_gmt":"2023-07-08T21:04:33","guid":{"rendered":"https:\/\/unice.br\/site\/?page_id=165"},"modified":"2023-12-07T16:04:10","modified_gmt":"2023-12-07T19:04:10","slug":"parceiros","status":"publish","type":"page","link":"https:\/\/unice.br\/site\/index.php\/parceiros\/","title":{"rendered":"Parceiros"},"content":{"rendered":"<p><span style=\"color: #000000;\"><strong>Nossos Parceiros Institucionais:<\/strong><\/span><\/p>\n<ul>\n<li><span style=\"color: #000000;\">EJUSP \u2013 ESCOLA SUPERIOR DE ECOLOGIA INTEGRAL JUSTI\u00c7A E PAZ SOCIAL LTDA<\/span><\/li>\n<li><span style=\"color: #000000;\">INSTITUTO EDUCAR<\/span><\/li>\n<li><span style=\"color: #000000;\">INSTITUTO DE DIREITO APLICADO AO SETOR P\u00daBLICO-IDASP, CAPACITA\u00c7\u00c3O E FORMA\u00c7\u00c3O SUPERIOR LTDA<\/span><\/li>\n<li><span style=\"color: #000000;\">IGRAA &#8211; INSTITUTO GUILHERME RIBEIRO DE ACUPUNTURA E APRENDIZAGEM<\/span><\/li>\n<li><span style=\"color: #000000;\">INCAR-INSTITUTO CARLOS CHAGAS DE ARAGUAINA DE EDUCA\u00c7\u00c3O TECNOL\u00d3GICA<\/span><\/li>\n<li><span style=\"color: #000000;\">INSTITUTO GRADUALE DE EDUCA\u00c7\u00c3O LTDA.<\/span><\/li>\n<li><span style=\"color: #000000;\">INSTITUTO META DE ESTUDOS E PESQUISA LTDA \u2013 IMEP<\/span><\/li>\n<li><span style=\"color: #000000;\">INSTITUTO PANGEIA SERVI\u00c7OS PROFISSIONAIS<\/span><\/li>\n<li><span style=\"color: #000000;\">INSTITUTO DE ENSINO VISION<\/span><\/li>\n<li><span style=\"color: #000000;\">KAPLE CONSULTORIA E ASSESSORIA EM GEST\u00c3O EMPRESARIAL<\/span><\/li>\n<li>PAGUE MENOS &#8211; EXTRAFARMA EMPREENDIMENTOS S\/A<\/li>\n<li><span style=\"color: #000000;\">SEST SENAT<\/span><\/li>\n<li><span style=\"color: #000000;\">SAVANT CURSOS E TREINAMENTOS<\/span><\/li>\n<\/ul>\n","protected":false},"excerpt":{"rendered":"<p>Nossos Parceiros Institucionais: EJUSP \u2013 ESCOLA SUPERIOR DE ECOLOGIA INTEGRAL JUSTI\u00c7A E PAZ SOCIAL LTDA INSTITUTO EDUCAR INSTITUTO DE DIREITO APLICADO AO SETOR P\u00daBLICO-IDASP, CAPACITA\u00c7\u00c3O E FORMA\u00c7\u00c3O SUPERIOR LTDA IGRAA &#8211; INSTITUTO GUILHERME RIBEIRO DE ACUPUNTURA E APRENDIZAGEM INCAR-INSTITUTO CARLOS CHAGAS DE ARAGUAINA DE EDUCA\u00c7\u00c3O TECNOL\u00d3GICA INSTITUTO GRADUALE DE EDUCA\u00c7\u00c3O LTDA. INSTITUTO META DE ESTUDOS<\/p><\/div>\n<div class=\"blog-btn\"><a href=\"https:\/\/unice.br\/site\/index.php\/parceiros\/\" class=\"home-blog-btn\">Ler mais<\/a><\/p>\n","protected":false},"author":1,"featured_media":0,"parent":0,"menu_order":0,"comment_status":"closed","ping_status":"closed","template":"","meta":{"footnotes":""},"class_list":["post-165","page","type-page","status-publish","hentry"],"_links":{"self":[{"href":"https:\/\/unice.br\/site\/index.php\/wp-json\/wp\/v2\/pages\/165","targetHints":{"allow":["GET"]}}],"collection":[{"href":"https:\/\/unice.br\/site\/index.php\/wp-json\/wp\/v2\/pages"}],"about":[{"href":"https:\/\/unice.br\/site\/index.php\/wp-json\/wp\/v2\/types\/page"}],"author":[{"embeddable":true,"href":"https:\/\/unice.br\/site\/index.php\/wp-json\/wp\/v2\/users\/1"}],"replies":[{"embeddable":true,"href":"https:\/\/unice.br\/site\/index.php\/wp-json\/wp\/v2\/comments?post=165"}],"version-history":[{"count":6,"href":"https:\/\/unice.br\/site\/index.php\/wp-json\/wp\/v2\/pages\/165\/revisions"}],"predecessor-version":[{"id":432,"href":"https:\/\/unice.br\/site\/index.php\/wp-json\/wp\/v2\/pages\/165\/revisions\/432"}],"wp:attachment":[{"href":"https:\/\/unice.br\/site\/index.php\/wp-json\/wp\/v2\/media?parent=165"}],"curies":[{"name":"wp","href":"https:\/\/api.w.org\/{rel}","templated":true}]}}