{"id":232,"date":"2023-07-13T21:10:45","date_gmt":"2023-07-14T00:10:45","guid":{"rendered":"https:\/\/unice.br\/site\/?page_id=232"},"modified":"2023-07-13T21:12:44","modified_gmt":"2023-07-14T00:12:44","slug":"mba-auditoria-controladoria-e-financas","status":"publish","type":"page","link":"https:\/\/unice.br\/site\/index.php\/mba-auditoria-controladoria-e-financas\/","title":{"rendered":"MBA &#8211; Auditoria, Controladoria e Finan\u00e7as"},"content":{"rendered":"<p><span style=\"color: #000000;\"><strong>MBA &#8211; AUDITORIA, CONTROLADORIA E FINAN\u00c7AS<\/strong><\/span><\/p>\n<p style=\"text-align: justify;\"><span style=\"color: #000000;\">Visa ao atendimento das exig\u00eancias de um mercado regional francamente desenvolvimentista, tornando indispens\u00e1vel a atua\u00e7\u00e3o do profissional para orienta\u00e7\u00e3o da gest\u00e3o patrimonial das entidades p\u00fablicas e privadas.<\/span><\/p>\n<p><span style=\"color: #000000;\"><strong>Carga Hor\u00e1ria:<\/strong> 440 horas<\/span><br \/>\n<span style=\"color: #000000;\"><strong>Modalidade:<\/strong> Ensino H\u00edbrido<\/span><br \/>\n<span style=\"color: #000000;\"><strong>Dura\u00e7\u00e3o:<\/strong> 15 meses<\/span><br \/>\n<strong><span style=\"color: #000000;\">Descontos promocionais at\u00e9 30%<\/span><\/strong><br \/>\n<span style=\"color: #000000;\"><strong>Professores:<\/strong> doutores, Mestres e Especialistas.<\/span><\/p>\n<p><strong><span style=\"color: #000000;\">MATRIZ CURRICULAR<\/span><\/strong><\/p>\n<ul>\n<li><span style=\"color: #000000;\">Aspectos Significativos da Pesquisa na \u00c1rea de Conhecimento do Curso<\/span><\/li>\n<li><span style=\"color: #000000;\">Sociologia<\/span><\/li>\n<li><span style=\"color: #000000;\">Filosofia e \u00c9tica<\/span><\/li>\n<li><span style=\"color: #000000;\">Macro e Microssistema da Economia Brasileira: Vetores Econ\u00f4mico e Cultural.<\/span><\/li>\n<li><span style=\"color: #000000;\">Economia e Aplica\u00e7\u00f5es \u00e0 Contabilidade<\/span><\/li>\n<li><span style=\"color: #000000;\">An\u00e1lises e Demonstra\u00e7\u00f5es Financeiras.<\/span><\/li>\n<li><span style=\"color: #000000;\">Finan\u00e7as p\u00fablicas, pessoais e corporativas<\/span><\/li>\n<li><span style=\"color: #000000;\">Desenvolvimento Organizacional<\/span><\/li>\n<li><span style=\"color: #000000;\">Informa\u00e7\u00e3o e Comunica\u00e7\u00e3o Gerenciais<\/span><\/li>\n<li><span style=\"color: #000000;\">Contabilidade e Legisla\u00e7\u00e3o Societ\u00e1ria<\/span><\/li>\n<li><span style=\"color: #000000;\">Auditoria Cont\u00e1bil<\/span><\/li>\n<li><span style=\"color: #000000;\">Auditoria Tribut\u00e1ria<\/span><\/li>\n<li><span style=\"color: #000000;\">Auditoria e Gest\u00e3o Social e Ambiental<\/span><\/li>\n<li><span style=\"color: #000000;\">Estrat\u00e9gia de Neg\u00f3cios e Intelig\u00eancia Competitiva: Marketing<\/span><\/li>\n<li><span style=\"color: #000000;\">Gest\u00e3o da Qualidade e do Conhecimento.<\/span><\/li>\n<li><span style=\"color: #000000;\">Controladoria<\/span><\/li>\n<li><span style=\"color: #000000;\">Controladoria e Gest\u00e3o P\u00fablica<\/span><\/li>\n<li><span style=\"color: #000000;\">A Pesquisa na \u00c1rea de Conhec. do Curso<\/span><\/li>\n<\/ul>\n","protected":false},"excerpt":{"rendered":"<p>MBA &#8211; AUDITORIA, CONTROLADORIA E FINAN\u00c7AS Visa ao atendimento das exig\u00eancias de um mercado regional francamente desenvolvimentista, tornando indispens\u00e1vel a atua\u00e7\u00e3o do profissional para orienta\u00e7\u00e3o da gest\u00e3o patrimonial das entidades p\u00fablicas e privadas. Carga Hor\u00e1ria: 440 horas Modalidade: Ensino H\u00edbrido Dura\u00e7\u00e3o: 15 meses Descontos promocionais at\u00e9 30% Professores: doutores, Mestres e Especialistas. MATRIZ CURRICULAR Aspectos<\/p><\/div>\n<div class=\"blog-btn\"><a href=\"https:\/\/unice.br\/site\/index.php\/mba-auditoria-controladoria-e-financas\/\" class=\"home-blog-btn\">Ler mais<\/a><\/p>\n","protected":false},"author":1,"featured_media":0,"parent":0,"menu_order":0,"comment_status":"closed","ping_status":"closed","template":"","meta":{"footnotes":""},"class_list":["post-232","page","type-page","status-publish","hentry"],"_links":{"self":[{"href":"https:\/\/unice.br\/site\/index.php\/wp-json\/wp\/v2\/pages\/232","targetHints":{"allow":["GET"]}}],"collection":[{"href":"https:\/\/unice.br\/site\/index.php\/wp-json\/wp\/v2\/pages"}],"about":[{"href":"https:\/\/unice.br\/site\/index.php\/wp-json\/wp\/v2\/types\/page"}],"author":[{"embeddable":true,"href":"https:\/\/unice.br\/site\/index.php\/wp-json\/wp\/v2\/users\/1"}],"replies":[{"embeddable":true,"href":"https:\/\/unice.br\/site\/index.php\/wp-json\/wp\/v2\/comments?post=232"}],"version-history":[{"count":3,"href":"https:\/\/unice.br\/site\/index.php\/wp-json\/wp\/v2\/pages\/232\/revisions"}],"predecessor-version":[{"id":237,"href":"https:\/\/unice.br\/site\/index.php\/wp-json\/wp\/v2\/pages\/232\/revisions\/237"}],"wp:attachment":[{"href":"https:\/\/unice.br\/site\/index.php\/wp-json\/wp\/v2\/media?parent=232"}],"curies":[{"name":"wp","href":"https:\/\/api.w.org\/{rel}","templated":true}]}}