{"id":238,"date":"2023-07-13T21:16:07","date_gmt":"2023-07-14T00:16:07","guid":{"rendered":"https:\/\/unice.br\/site\/?page_id=238"},"modified":"2023-07-13T21:16:15","modified_gmt":"2023-07-14T00:16:15","slug":"mba-gestao-de-pessoas-e-estrategias-de-qualidade","status":"publish","type":"page","link":"https:\/\/unice.br\/site\/index.php\/mba-gestao-de-pessoas-e-estrategias-de-qualidade\/","title":{"rendered":"MBA &#8211; Gest\u00e3o De Pessoas e Estrat\u00e9gias de Qualidade"},"content":{"rendered":"<p><strong><span style=\"color: #000000;\">MBA &#8211; GEST\u00c3O DE PESSOAS E ESTRAT\u00c9GIAS DE QUALIDADE<\/span><\/strong><\/p>\n<p style=\"text-align: justify;\"><span style=\"color: #000000;\">Gest\u00e3o ou Administra\u00e7\u00e3o significa potencializar o capital humano nas organiza\u00e7\u00f5es por interm\u00e9dio de habilidades, m\u00e9todos, pol\u00edticas, t\u00e9cnicas e pr\u00e1ticas definidas para o envolvimento da participa\u00e7\u00e3o de todos aqueles que comp\u00f5e a empresa, \u00e9 um assunto que interessa a neg\u00f3cios de todos os portes. O curso ressalta que, mesmo a empresa individual, onde o dono faz tudo sozinho, \u00e9 imprescind\u00edvel saber como conduzir a\u00e7\u00f5es voltadas ao\u00a0crescimento sustent\u00e1vel\u00a0do neg\u00f3cio.<\/span><\/p>\n<p><span style=\"color: #000000;\"><strong>Carga Hor\u00e1ria:<\/strong> 440 horas<\/span><br \/>\n<span style=\"color: #000000;\"><strong>Modalidade:<\/strong> Ensino H\u00edbrido<\/span><br \/>\n<span style=\"color: #000000;\"><strong>Dura\u00e7\u00e3o:<\/strong> 15 meses<\/span><br \/>\n<strong><span style=\"color: #000000;\">Descontos promocionais at\u00e9 30%<\/span><\/strong><br \/>\n<span style=\"color: #000000;\"><strong>Professores:<\/strong> Doutores, Mestres e Especialistas<\/span><\/p>\n<p><strong><span style=\"color: #000000;\">MATRIZ CURRICULAR<\/span><\/strong><\/p>\n<ul>\n<li><span style=\"color: #000000;\">Aspectos Significativos da Pesquisa (MTC)<\/span><\/li>\n<li><span style=\"color: #000000;\">Autoconhecimento e Diferen\u00e7as Individuais<\/span><\/li>\n<li><span style=\"color: #000000;\">Introdu\u00e7\u00e3o ao Comportamento Organizacional<\/span><\/li>\n<li><span style=\"color: #000000;\">Intelig\u00eancia Emocional: Counseling<\/span><\/li>\n<li><span style=\"color: #000000;\">Psicologia Positiva<\/span><\/li>\n<li><span style=\"color: #000000;\">Motiva\u00e7\u00e3o e Lideran\u00e7a<\/span><\/li>\n<li><span style=\"color: #000000;\">Engajamento Organizacional<\/span><\/li>\n<li><span style=\"color: #000000;\">Cultura Organizacional<\/span><\/li>\n<li><span style=\"color: #000000;\">Estrutura e Gest\u00e3o na \u00c1rea de Recursos Humanos<\/span><\/li>\n<li><span style=\"color: #000000;\">Gest\u00e3o por Compet\u00eancias<\/span><\/li>\n<li><span style=\"color: #000000;\">Treinamento e Desenvolvimento<\/span><\/li>\n<li><span style=\"color: #000000;\">Coaching e Mentoring<\/span><\/li>\n<li><span style=\"color: #000000;\">Avalia\u00e7\u00e3o de Desempenho<\/span><\/li>\n<li><span style=\"color: #000000;\">Gest\u00e3o de Equipe de Alta Perfomance<\/span><\/li>\n<li><span style=\"color: #000000;\">A pesquisa na \u00c1rea do Conhecimento do Curso<\/span><\/li>\n<\/ul>\n","protected":false},"excerpt":{"rendered":"<p>MBA &#8211; GEST\u00c3O DE PESSOAS E ESTRAT\u00c9GIAS DE QUALIDADE Gest\u00e3o ou Administra\u00e7\u00e3o significa potencializar o capital humano nas organiza\u00e7\u00f5es por interm\u00e9dio de habilidades, m\u00e9todos, pol\u00edticas, t\u00e9cnicas e pr\u00e1ticas definidas para o envolvimento da participa\u00e7\u00e3o de todos aqueles que comp\u00f5e a empresa, \u00e9 um assunto que interessa a neg\u00f3cios de todos os portes. O curso ressalta<\/p><\/div>\n<div class=\"blog-btn\"><a href=\"https:\/\/unice.br\/site\/index.php\/mba-gestao-de-pessoas-e-estrategias-de-qualidade\/\" class=\"home-blog-btn\">Ler mais<\/a><\/p>\n","protected":false},"author":1,"featured_media":0,"parent":0,"menu_order":0,"comment_status":"closed","ping_status":"closed","template":"","meta":{"footnotes":""},"class_list":["post-238","page","type-page","status-publish","hentry"],"_links":{"self":[{"href":"https:\/\/unice.br\/site\/index.php\/wp-json\/wp\/v2\/pages\/238","targetHints":{"allow":["GET"]}}],"collection":[{"href":"https:\/\/unice.br\/site\/index.php\/wp-json\/wp\/v2\/pages"}],"about":[{"href":"https:\/\/unice.br\/site\/index.php\/wp-json\/wp\/v2\/types\/page"}],"author":[{"embeddable":true,"href":"https:\/\/unice.br\/site\/index.php\/wp-json\/wp\/v2\/users\/1"}],"replies":[{"embeddable":true,"href":"https:\/\/unice.br\/site\/index.php\/wp-json\/wp\/v2\/comments?post=238"}],"version-history":[{"count":2,"href":"https:\/\/unice.br\/site\/index.php\/wp-json\/wp\/v2\/pages\/238\/revisions"}],"predecessor-version":[{"id":241,"href":"https:\/\/unice.br\/site\/index.php\/wp-json\/wp\/v2\/pages\/238\/revisions\/241"}],"wp:attachment":[{"href":"https:\/\/unice.br\/site\/index.php\/wp-json\/wp\/v2\/media?parent=238"}],"curies":[{"name":"wp","href":"https:\/\/api.w.org\/{rel}","templated":true}]}}