{"id":242,"date":"2023-07-13T21:18:22","date_gmt":"2023-07-14T00:18:22","guid":{"rendered":"https:\/\/unice.br\/site\/?page_id=242"},"modified":"2023-07-13T21:19:47","modified_gmt":"2023-07-14T00:19:47","slug":"mba-gestao-farmaceutica-empresarial-clinica-e-hospitalar","status":"publish","type":"page","link":"https:\/\/unice.br\/site\/index.php\/mba-gestao-farmaceutica-empresarial-clinica-e-hospitalar\/","title":{"rendered":"MBA &#8211; Gest\u00e3o Farmac\u00eautica Empresarial, Cl\u00ednica e Hospitalar"},"content":{"rendered":"<p><strong><span style=\"color: #000000;\"> MBA EM GEST\u00c3O FARMAC\u00caUTICA EMPRESARIAL, CL\u00cdNICA e HOSPITALAR<\/span><\/strong><\/p>\n<p style=\"text-align: justify;\"><span style=\"color: #000000;\">O curso de GEST\u00c3O FARMAC\u00caUTICA EMPRESARIAL, CL\u00cdNICA e HOSPITALAR possibilita a forma\u00e7\u00e3o de l\u00edderes que contribuam para o desenvolvimento das organiza\u00e7\u00f5es do setor da sa\u00fade, com vis\u00e3o empreendedora e reflex\u00e3o cr\u00edtica desenvolvida e aperfei\u00e7oada durante a sua forma\u00e7\u00e3o. O curso prepara o gestor para as mudan\u00e7as e desafios organizacionais, buscando potencializar suas compet\u00eancias e habilidades alinhadas \u00e0s demandas desse mercado diferenciado.<\/span><\/p>\n<p><span style=\"color: #000000;\"><strong>Carga Hor\u00e1ria:<\/strong> 440 horas<\/span><br \/>\n<span style=\"color: #000000;\"><strong>Modalidade:<\/strong> Ensino H\u00edbrido<\/span><br \/>\n<span style=\"color: #000000;\"><strong>Dura\u00e7\u00e3o:<\/strong> 15 meses<\/span><br \/>\n<strong><span style=\"color: #000000;\">Descontos promocionais at\u00e9 30%<\/span><\/strong><br \/>\n<span style=\"color: #000000;\"><strong>Professores:<\/strong> Doutores, Mestres e Especialistas<\/span><\/p>\n<p><span style=\"color: #000000;\"><strong>MATRIZ CURRICULAR<\/strong><br \/>\n<\/span><\/p>\n<ul>\n<li><span style=\"color: #000000;\">Aspectos Significativos de Pesquisa (MTC)<\/span><\/li>\n<li><span style=\"color: #000000;\">Gest\u00e3o de Empresas e Planejamento Estrat\u00e9gico<\/span><\/li>\n<li><span style=\"color: #000000;\">Gest\u00e3o em Organiza\u00e7\u00f5es Farmac\u00eauticas<\/span><\/li>\n<li><span style=\"color: #000000;\">Criatividade e Inova\u00e7\u00e3o<\/span><\/li>\n<li><span style=\"color: #000000;\">Gest\u00e3o de Pessoas e Performance<\/span><\/li>\n<li><span style=\"color: #000000;\">Transforma\u00e7\u00e3o Digital<\/span><\/li>\n<li><span style=\"color: #000000;\">Cen\u00e1rio Regulat\u00f3rio Farmac\u00eautico e Marcos Legais<\/span><\/li>\n<li><span style=\"color: #000000;\">Marketing e o Mercado Farmac\u00eautico<\/span><\/li>\n<li><span style=\"color: #000000;\">Gest\u00e3o e Regulamenta\u00e7\u00e3o em Cosm\u00e9tico e Materiais para Sa\u00fade<\/span><\/li>\n<li><span style=\"color: #000000;\">Avalia\u00e7\u00f5es de Tecnologias da Sa\u00fade &#8211; ATS e Acesso ao Mercado<\/span><\/li>\n<li><span style=\"color: #000000;\">Bio\u00e9tica<\/span><\/li>\n<li><span style=\"color: #000000;\">Fundamentos de Farm\u00e1cia Cl\u00ednica e Aten\u00e7\u00e3o Farmac\u00eautica na Farm\u00e1cia Hospitalar<\/span><\/li>\n<li><span style=\"color: #000000;\">Protocolos e Diretrizes Cl\u00ednicas<\/span><\/li>\n<li><span style=\"color: #000000;\">Farmacovigil\u00e2ncia e Prescri\u00e7\u00e3o de Medicamentos<\/span><\/li>\n<li><span style=\"color: #000000;\">A Pesquisa na \u00c1rea de Conhecimento do Curso<\/span><\/li>\n<\/ul>\n","protected":false},"excerpt":{"rendered":"<p>MBA EM GEST\u00c3O FARMAC\u00caUTICA EMPRESARIAL, CL\u00cdNICA e HOSPITALAR O curso de GEST\u00c3O FARMAC\u00caUTICA EMPRESARIAL, CL\u00cdNICA e HOSPITALAR possibilita a forma\u00e7\u00e3o de l\u00edderes que contribuam para o desenvolvimento das organiza\u00e7\u00f5es do setor da sa\u00fade, com vis\u00e3o empreendedora e reflex\u00e3o cr\u00edtica desenvolvida e aperfei\u00e7oada durante a sua forma\u00e7\u00e3o. O curso prepara o gestor para as mudan\u00e7as e<\/p><\/div>\n<div class=\"blog-btn\"><a href=\"https:\/\/unice.br\/site\/index.php\/mba-gestao-farmaceutica-empresarial-clinica-e-hospitalar\/\" class=\"home-blog-btn\">Ler mais<\/a><\/p>\n","protected":false},"author":1,"featured_media":0,"parent":0,"menu_order":0,"comment_status":"closed","ping_status":"closed","template":"","meta":{"footnotes":""},"class_list":["post-242","page","type-page","status-publish","hentry"],"_links":{"self":[{"href":"https:\/\/unice.br\/site\/index.php\/wp-json\/wp\/v2\/pages\/242","targetHints":{"allow":["GET"]}}],"collection":[{"href":"https:\/\/unice.br\/site\/index.php\/wp-json\/wp\/v2\/pages"}],"about":[{"href":"https:\/\/unice.br\/site\/index.php\/wp-json\/wp\/v2\/types\/page"}],"author":[{"embeddable":true,"href":"https:\/\/unice.br\/site\/index.php\/wp-json\/wp\/v2\/users\/1"}],"replies":[{"embeddable":true,"href":"https:\/\/unice.br\/site\/index.php\/wp-json\/wp\/v2\/comments?post=242"}],"version-history":[{"count":3,"href":"https:\/\/unice.br\/site\/index.php\/wp-json\/wp\/v2\/pages\/242\/revisions"}],"predecessor-version":[{"id":246,"href":"https:\/\/unice.br\/site\/index.php\/wp-json\/wp\/v2\/pages\/242\/revisions\/246"}],"wp:attachment":[{"href":"https:\/\/unice.br\/site\/index.php\/wp-json\/wp\/v2\/media?parent=242"}],"curies":[{"name":"wp","href":"https:\/\/api.w.org\/{rel}","templated":true}]}}