{"id":249,"date":"2023-07-13T21:28:35","date_gmt":"2023-07-14T00:28:35","guid":{"rendered":"https:\/\/unice.br\/site\/?page_id=249"},"modified":"2023-07-13T21:28:35","modified_gmt":"2023-07-14T00:28:35","slug":"saude-mental-neurociencia-e-psicopatologias","status":"publish","type":"page","link":"https:\/\/unice.br\/site\/index.php\/saude-mental-neurociencia-e-psicopatologias\/","title":{"rendered":"Sa\u00fade Mental, Neuroci\u00eancia e Psicopatologias"},"content":{"rendered":"<p><span style=\"color: #000000;\"><strong>SA\u00daDE MENTAL, NEUROCI\u00caNCIA E PSICOPATOLOGIAS<\/strong><\/span><\/p>\n<p style=\"text-align: justify;\"><span style=\"color: #000000;\">Desde tempos remotos, as pessoas podem desenvolver algum transtorno mental ao longo da vida: ansiedade, depress\u00e3o, comportamento suicida, como tamb\u00e9m decorr\u00eancia do uso de subst\u00e2ncias psicoativas. Na atualidade, tem sido observado que os transtornos neurodegenerativos t\u00eam se tornado cada vez mais frequente entre os jovens. Al\u00e9m disso, o adoecimento mental pode acarretar grande impacto na qualidade de vida, ader\u00eancia ao tratamento e mesmo progn\u00f3stico de pacientes com doen\u00e7as cl\u00ednicas cr\u00f4nicas. Por todas essas raz\u00f5es, a Especializa\u00e7\u00e3o em Sa\u00fade Mental, Neuroci\u00eancia e Psicopatologias, tem como finalidade capacitar o aluno a elaborar um plano terap\u00eautico adequado, incluindo trabalho em equipe multiprofissional.<\/span><\/p>\n<p><span style=\"color: #000000;\"><strong>Carga Hor\u00e1ria:<\/strong> 440 horas<\/span><br \/>\n<span style=\"color: #000000;\"><strong>Modalidade:<\/strong> Ensino H\u00edbrido<\/span><br \/>\n<span style=\"color: #000000;\"><strong>Dura\u00e7\u00e3o:<\/strong> 15 meses<\/span><br \/>\n<strong><span style=\"color: #000000;\">Descontos promocionais at\u00e9 30%<\/span><\/strong><br \/>\n<span style=\"color: #000000;\"><strong>Professores:<\/strong> Doutores, Mestres e Especialistas<\/span><\/p>\n<p><strong><span style=\"color: #000000;\">MATRIZ CURRICULAR<\/span><\/strong><\/p>\n<ul>\n<li><span style=\"color: #000000;\">Pol\u00edtica, Organiza\u00e7\u00e3o dos Servi\u00e7os e da Aten\u00e7\u00e3o em Sa\u00fade Mental<\/span><\/li>\n<li><span style=\"color: #000000;\">Pol\u00edticas P\u00fablicas de Sa\u00fade Mental no SUS-Sistema \u00danico de Sa\u00fade<\/span><\/li>\n<li><span style=\"color: #000000;\">Sa\u00fade Mental na Aten\u00e7\u00e3o Prim\u00e1ria, Secund\u00e1ria e Terci\u00e1ria<\/span><\/li>\n<li><span style=\"color: #000000;\">Epidemiologia e Vigil\u00e2ncia em Sa\u00fade Mental<\/span><\/li>\n<li><span style=\"color: #000000;\">Defini\u00e7\u00f5es e crit\u00e9rios diagn\u00f3sticos das doen\u00e7as mentais<\/span><\/li>\n<li><span style=\"color: #000000;\">Psicopatologia<\/span><\/li>\n<li><span style=\"color: #000000;\">Psicofarmacologia<\/span><\/li>\n<li><span style=\"color: #000000;\">Defini\u00e7\u00f5es e implica\u00e7\u00f5es cl\u00ednicas do \u00e1lcool e outras drogas<\/span><\/li>\n<li><span style=\"color: #000000;\">Neuroci\u00eancia e Psicologia Positiva<\/span><\/li>\n<li><span style=\"color: #000000;\">Equil\u00edbrio mental e emocional<\/span><\/li>\n<li><span style=\"color: #000000;\">Ansiedade, depress\u00e3o e cansa\u00e7o: contribui\u00e7\u00e3o da Neuroci\u00eancia<\/span><\/li>\n<li><span style=\"color: #000000;\">Instrumentos de notifica\u00e7\u00e3o em sa\u00fade aplicados \u00e0 Sa\u00fade Mental<\/span><\/li>\n<li><span style=\"color: #000000;\">Redu\u00e7\u00e3o de Danos na Sa\u00fade Mental<\/span><\/li>\n<li><span style=\"color: #000000;\">Matriciamento: acesso a sa\u00fade e presta\u00e7\u00e3o dos servi\u00e7os<\/span><\/li>\n<li><span style=\"color: #000000;\">Terapia Comunit\u00e1ria<\/span><\/li>\n<li><span style=\"color: #000000;\">Instrumentos de notifica\u00e7\u00e3o em sa\u00fade aplicados \u00e0 Sa\u00fade Mental<\/span><\/li>\n<li><span style=\"color: #000000;\">Abordagens terap\u00eauticas na inf\u00e2ncia e adolesc\u00eancia na educa\u00e7\u00e3o b\u00e1sica<\/span><\/li>\n<li><span style=\"color: #000000;\">Interprofissionalidade no cuidado em sa\u00fade mental<\/span><\/li>\n<li><span style=\"color: #000000;\">Terapia Comunit\u00e1ria<\/span><\/li>\n<li><span style=\"color: #000000;\">Redu\u00e7\u00e3o de Danos na Sa\u00fade Mental<\/span><\/li>\n<li><span style=\"color: #000000;\">Aspectos significativos da pesquisa na \u00e1rea de conhecimento do urso (MTC)<\/span><\/li>\n<\/ul>\n","protected":false},"excerpt":{"rendered":"<p>SA\u00daDE MENTAL, NEUROCI\u00caNCIA E PSICOPATOLOGIAS Desde tempos remotos, as pessoas podem desenvolver algum transtorno mental ao longo da vida: ansiedade, depress\u00e3o, comportamento suicida, como tamb\u00e9m decorr\u00eancia do uso de subst\u00e2ncias psicoativas. Na atualidade, tem sido observado que os transtornos neurodegenerativos t\u00eam se tornado cada vez mais frequente entre os jovens. Al\u00e9m disso, o adoecimento mental<\/p><\/div>\n<div class=\"blog-btn\"><a href=\"https:\/\/unice.br\/site\/index.php\/saude-mental-neurociencia-e-psicopatologias\/\" class=\"home-blog-btn\">Ler mais<\/a><\/p>\n","protected":false},"author":1,"featured_media":0,"parent":0,"menu_order":0,"comment_status":"closed","ping_status":"closed","template":"","meta":{"footnotes":""},"class_list":["post-249","page","type-page","status-publish","hentry"],"_links":{"self":[{"href":"https:\/\/unice.br\/site\/index.php\/wp-json\/wp\/v2\/pages\/249","targetHints":{"allow":["GET"]}}],"collection":[{"href":"https:\/\/unice.br\/site\/index.php\/wp-json\/wp\/v2\/pages"}],"about":[{"href":"https:\/\/unice.br\/site\/index.php\/wp-json\/wp\/v2\/types\/page"}],"author":[{"embeddable":true,"href":"https:\/\/unice.br\/site\/index.php\/wp-json\/wp\/v2\/users\/1"}],"replies":[{"embeddable":true,"href":"https:\/\/unice.br\/site\/index.php\/wp-json\/wp\/v2\/comments?post=249"}],"version-history":[{"count":1,"href":"https:\/\/unice.br\/site\/index.php\/wp-json\/wp\/v2\/pages\/249\/revisions"}],"predecessor-version":[{"id":251,"href":"https:\/\/unice.br\/site\/index.php\/wp-json\/wp\/v2\/pages\/249\/revisions\/251"}],"wp:attachment":[{"href":"https:\/\/unice.br\/site\/index.php\/wp-json\/wp\/v2\/media?parent=249"}],"curies":[{"name":"wp","href":"https:\/\/api.w.org\/{rel}","templated":true}]}}