{"id":254,"date":"2023-07-23T09:45:57","date_gmt":"2023-07-23T12:45:57","guid":{"rendered":"https:\/\/unice.br\/site\/?page_id=254"},"modified":"2023-07-23T12:38:12","modified_gmt":"2023-07-23T15:38:12","slug":"calculo-para-aprovacao-graduacao","status":"publish","type":"page","link":"https:\/\/unice.br\/site\/index.php\/calculo-para-aprovacao-graduacao\/","title":{"rendered":"Calculo para aprova\u00e7\u00e3o &#8211; Gradua\u00e7\u00e3o"},"content":{"rendered":"<p><span style=\"color: #000000;\"><b>C\u00e1lculo de M\u00e9dia para Aprova\u00e7\u00e3o*<\/b><\/span><\/p>\n<p><span style=\"font-weight: 400; color: #000000;\">MA = (NP1+NP2)\/2<\/span><\/p>\n<p><span style=\"color: #000000;\"><strong>Onde:<\/strong><\/span><\/p>\n<p><span style=\"font-weight: 400; color: #000000;\">MA \u2013 M\u00e9dia de Aproveitamento<\/span><\/p>\n<p><span style=\"font-weight: 400; color: #000000;\">NP1 \u2013 Nota Parcial 1<\/span><\/p>\n<p><span style=\"font-weight: 400; color: #000000;\">NP2 \u2013 Nota Parcial 2<\/span><\/p>\n<p>&nbsp;<\/p>\n<p><span style=\"color: #000000;\"><strong>* Dever\u00e1 ser observado o percentual de frequ\u00eancia (m\u00ednimo de 75%) para qualquer dos casos.<\/strong><\/span><\/p>\n<p><span style=\"font-weight: 400; color: #000000;\">MA \u2265\u00a0 7,0\u00a0 \u00e0\u00a0 APROVADO<\/span><\/p>\n<p><span style=\"font-weight: 400; color: #000000;\">4,0 \u2264 MA &lt; 7,0 \u00e0\u00a0 EXAME FINAL<\/span><\/p>\n<p><span style=\"font-weight: 400; color: #000000;\">MA &lt; 4,0 \u00e0 REPROVADO<\/span><\/p>\n<p><span style=\"font-weight: 400; color: #000000;\">MF=(MA+EF)\/2<\/span><\/p>\n<p><span style=\"color: #000000;\"><strong>Onde:<\/strong><\/span><\/p>\n<p><span style=\"font-weight: 400; color: #000000;\">MF \u2013 M\u00e9dia Final<\/span><\/p>\n<p><span style=\"font-weight: 400; color: #000000;\">MA \u2013 M\u00e9dia de Aproveitamento<\/span><\/p>\n<p><span style=\"font-weight: 400; color: #000000;\">EF \u2013 Exame Final<\/span><\/p>\n<p>&nbsp;<\/p>\n<p><span style=\"color: #000000;\"><strong>RESULTADO DA M\u00c9DIA FINAL:<\/strong><\/span><\/p>\n<p><span style=\"font-weight: 400; color: #000000;\">MF \u2265 5,0 \u00e0 APROVADO<\/span><\/p>\n<p><span style=\"font-weight: 400; color: #000000;\">MF \u2264 5,0 \u00e0 REPROVADO<\/span><\/p>\n","protected":false},"excerpt":{"rendered":"<p>C\u00e1lculo de M\u00e9dia para Aprova\u00e7\u00e3o* MA = (NP1+NP2)\/2 Onde: MA \u2013 M\u00e9dia de Aproveitamento NP1 \u2013 Nota Parcial 1 NP2 \u2013 Nota Parcial 2 &nbsp; * Dever\u00e1 ser observado o percentual de frequ\u00eancia (m\u00ednimo de 75%) para qualquer dos casos. MA \u2265\u00a0 7,0\u00a0 \u00e0\u00a0 APROVADO 4,0 \u2264 MA &lt; 7,0 \u00e0\u00a0 EXAME FINAL MA &lt;<\/p><\/div>\n<div class=\"blog-btn\"><a href=\"https:\/\/unice.br\/site\/index.php\/calculo-para-aprovacao-graduacao\/\" class=\"home-blog-btn\">Ler mais<\/a><\/p>\n","protected":false},"author":1,"featured_media":0,"parent":0,"menu_order":0,"comment_status":"closed","ping_status":"closed","template":"","meta":{"footnotes":""},"class_list":["post-254","page","type-page","status-publish","hentry"],"_links":{"self":[{"href":"https:\/\/unice.br\/site\/index.php\/wp-json\/wp\/v2\/pages\/254","targetHints":{"allow":["GET"]}}],"collection":[{"href":"https:\/\/unice.br\/site\/index.php\/wp-json\/wp\/v2\/pages"}],"about":[{"href":"https:\/\/unice.br\/site\/index.php\/wp-json\/wp\/v2\/types\/page"}],"author":[{"embeddable":true,"href":"https:\/\/unice.br\/site\/index.php\/wp-json\/wp\/v2\/users\/1"}],"replies":[{"embeddable":true,"href":"https:\/\/unice.br\/site\/index.php\/wp-json\/wp\/v2\/comments?post=254"}],"version-history":[{"count":6,"href":"https:\/\/unice.br\/site\/index.php\/wp-json\/wp\/v2\/pages\/254\/revisions"}],"predecessor-version":[{"id":275,"href":"https:\/\/unice.br\/site\/index.php\/wp-json\/wp\/v2\/pages\/254\/revisions\/275"}],"wp:attachment":[{"href":"https:\/\/unice.br\/site\/index.php\/wp-json\/wp\/v2\/media?parent=254"}],"curies":[{"name":"wp","href":"https:\/\/api.w.org\/{rel}","templated":true}]}}