{"id":271,"date":"2023-07-23T11:33:31","date_gmt":"2023-07-23T14:33:31","guid":{"rendered":"https:\/\/unice.br\/site\/?page_id=271"},"modified":"2023-07-23T13:06:23","modified_gmt":"2023-07-23T16:06:23","slug":"curriculo-de-administracao","status":"publish","type":"page","link":"https:\/\/unice.br\/site\/index.php\/curriculo-de-administracao\/","title":{"rendered":"Curr\u00edculo de Administra\u00e7\u00e3o"},"content":{"rendered":"<p><span style=\"color: #000000;\"><strong>Confira as disciplinas do curso de Administra\u00e7\u00e3o:<\/strong><\/span><\/p>\n<ul>\n<li style=\"font-weight: 400;\" aria-level=\"1\"><span style=\"color: #000000;\">Comunica\u00e7\u00e3o e Express\u00e3o<\/span><\/li>\n<li style=\"font-weight: 400;\" aria-level=\"1\"><span style=\"color: #000000;\">Inform\u00e1tica<\/span><\/li>\n<li style=\"font-weight: 400;\" aria-level=\"1\"><span style=\"color: #000000;\">Introdu\u00e7\u00e3o \u00e0s Ci\u00eancias Sociais<\/span><\/li>\n<li style=\"font-weight: 400;\" aria-level=\"1\"><span style=\"color: #000000;\">Matem\u00e1tica Aplicada<\/span><\/li>\n<li style=\"font-weight: 400;\" aria-level=\"1\"><span style=\"color: #000000;\">Teoria Geral da Administra\u00e7\u00e3o<\/span><\/li>\n<li style=\"font-weight: 400;\" aria-level=\"1\"><span style=\"color: #000000;\">Empreendedorismo<\/span><\/li>\n<li style=\"font-weight: 400;\" aria-level=\"1\"><span style=\"color: #000000;\">Estat\u00edstica Aplicada<\/span><\/li>\n<li style=\"font-weight: 400;\" aria-level=\"1\"><span style=\"color: #000000;\">Ingl\u00eas I<\/span><\/li>\n<li style=\"font-weight: 400;\" aria-level=\"1\"><span style=\"color: #000000;\">Introdu\u00e7\u00e3o \u00e0 Contabilidade<\/span><\/li>\n<li style=\"font-weight: 400;\" aria-level=\"1\"><span style=\"color: #000000;\">Introdu\u00e7\u00e3o \u00e0 Economia<\/span><\/li>\n<li style=\"font-weight: 400;\" aria-level=\"1\"><span style=\"color: #000000;\">\u00c9tica e Legisla\u00e7\u00e3o Profissional<\/span><\/li>\n<li style=\"font-weight: 400;\" aria-level=\"1\"><span style=\"color: #000000;\">Finan\u00e7as Corporativas<\/span><\/li>\n<li style=\"font-weight: 400;\" aria-level=\"1\"><span style=\"color: #000000;\">Introdu\u00e7\u00e3o ao Estudo Do Direito<\/span><\/li>\n<li style=\"font-weight: 400;\" aria-level=\"1\"><span style=\"color: #000000;\">Metodologia Cient\u00edfica<\/span><\/li>\n<li style=\"font-weight: 400;\" aria-level=\"1\"><span style=\"color: #000000;\">Teorias Comportamentais<\/span><\/li>\n<li style=\"font-weight: 400;\" aria-level=\"1\"><span style=\"color: #000000;\">Direito Empresarial<\/span><\/li>\n<li style=\"font-weight: 400;\" aria-level=\"1\"><span style=\"color: #000000;\">Gest\u00e3o da Qualidade<\/span><\/li>\n<li style=\"font-weight: 400;\" aria-level=\"1\"><span style=\"color: #000000;\">Gest\u00e3o de Custos<\/span><\/li>\n<li style=\"font-weight: 400;\" aria-level=\"1\"><span style=\"color: #000000;\">Gest\u00e3o de Marketing<\/span><\/li>\n<li style=\"font-weight: 400;\" aria-level=\"1\"><span style=\"color: #000000;\">Resolu\u00e7\u00e3o de Problemas e Tomada de Decis\u00f5es<\/span><\/li>\n<li style=\"font-weight: 400;\" aria-level=\"1\"><span style=\"color: #000000;\">Clima, Cultura e Poder nas Organiza\u00e7\u00f5es<\/span><\/li>\n<li style=\"font-weight: 400;\" aria-level=\"1\"><span style=\"color: #000000;\">Direito Trabalhista<\/span><\/li>\n<li style=\"font-weight: 400;\" aria-level=\"1\"><span style=\"color: #000000;\">Gest\u00e3o da Cadeia De Suprimentos<\/span><\/li>\n<li style=\"font-weight: 400;\" aria-level=\"1\"><span style=\"color: #000000;\">Gest\u00e3o de Vendas<\/span><\/li>\n<li style=\"font-weight: 400;\" aria-level=\"1\"><span style=\"color: #000000;\">Gest\u00e3o Or\u00e7ament\u00e1ria<\/span><\/li>\n<li style=\"font-weight: 400;\" aria-level=\"1\"><span style=\"color: #000000;\">Jogos Empresariais<\/span><\/li>\n<li style=\"font-weight: 400;\" aria-level=\"1\"><span style=\"color: #000000;\">Mercados de Capitais<\/span><\/li>\n<li style=\"font-weight: 400;\" aria-level=\"1\"><span style=\"color: #000000;\">Direito Tribut\u00e1rio<\/span><\/li>\n<li style=\"font-weight: 400;\" aria-level=\"1\"><span style=\"color: #000000;\">Estrutura da Inova\u00e7\u00e3o Tecnol\u00f3gica<\/span><\/li>\n<li style=\"font-weight: 400;\" aria-level=\"1\"><span style=\"color: #000000;\">Gest\u00e3o Ambiental<\/span><\/li>\n<li style=\"font-weight: 400;\" aria-level=\"1\"><span style=\"color: #000000;\">Gest\u00e3o de Pessoas<\/span><\/li>\n<li style=\"font-weight: 400;\" aria-level=\"1\"><span style=\"color: #000000;\">Gest\u00e3o Urbana<\/span><\/li>\n<li style=\"font-weight: 400;\" aria-level=\"1\"><span style=\"color: #000000;\">Com\u00e9rcio Exterior<\/span><\/li>\n<li style=\"font-weight: 400;\" aria-level=\"1\"><span style=\"color: #000000;\">Gest\u00e3o P\u00fablica<\/span><\/li>\n<li style=\"font-weight: 400;\" aria-level=\"1\"><span style=\"color: #000000;\">Governan\u00e7a e Lideran\u00e7a<\/span><\/li>\n<li style=\"font-weight: 400;\" aria-level=\"1\"><span style=\"color: #000000;\">Planejamento Estrat\u00e9gico<\/span><\/li>\n<li style=\"font-weight: 400;\" aria-level=\"1\"><span style=\"color: #000000;\">Pesquisa Cient\u00edfica I<\/span><\/li>\n<li style=\"font-weight: 400;\" aria-level=\"1\"><span style=\"color: #000000;\">Est\u00e1gio Supervisionado em Administra\u00e7\u00e3o<\/span><\/li>\n<li style=\"font-weight: 400;\" aria-level=\"1\"><span style=\"color: #000000;\">Pesquisa Cient\u00edfica II<\/span><\/li>\n<li style=\"font-weight: 400;\" aria-level=\"1\"><span style=\"color: #000000;\">Atividades Acad\u00eamicas Complementares<\/span><\/li>\n<\/ul>\n<p><span style=\"color: #000000;\"><strong>Disciplinas Optativas<\/strong><\/span><\/p>\n<ul>\n<li><span style=\"color: #000000;\">Gest\u00e3o de Pequenas e M\u00e9dias Empresas<\/span><\/li>\n<li><span style=\"color: #000000;\">Coaching Organizacional<\/span><\/li>\n<li><span style=\"color: #000000;\">Direitos Humanos<\/span><\/li>\n<li><span style=\"color: #000000;\">Educa\u00e7\u00e3o Ambiental<\/span><\/li>\n<li><span style=\"color: #000000;\">Espanhol I<\/span><\/li>\n<li><span style=\"color: #000000;\">Etnia, Sociedade e Cultura Brasileira<\/span><\/li>\n<li><span style=\"color: #000000;\">Ingl\u00eas II<\/span><\/li>\n<li><span style=\"color: #000000;\">L\u00edngua Brasileira de Sinais<\/span><\/li>\n<li><span style=\"color: #000000;\">Rela\u00e7\u00e3o Ci\u00eancia, Tecnologia e Sociedade<\/span><\/li>\n<\/ul>\n<p style=\"text-align: center;\"><a href=\"https:\/\/unice.br\/site\/index.php\/administracao\/\"><span style=\"color: #ce1b28;\"><strong>Voltar\u00a0<\/strong><\/span><\/a><\/p>\n","protected":false},"excerpt":{"rendered":"<p>Confira as disciplinas do curso de Administra\u00e7\u00e3o: Comunica\u00e7\u00e3o e Express\u00e3o Inform\u00e1tica Introdu\u00e7\u00e3o \u00e0s Ci\u00eancias Sociais Matem\u00e1tica Aplicada Teoria Geral da Administra\u00e7\u00e3o Empreendedorismo Estat\u00edstica Aplicada Ingl\u00eas I Introdu\u00e7\u00e3o \u00e0 Contabilidade Introdu\u00e7\u00e3o \u00e0 Economia \u00c9tica e Legisla\u00e7\u00e3o Profissional Finan\u00e7as Corporativas Introdu\u00e7\u00e3o ao Estudo Do Direito Metodologia Cient\u00edfica Teorias Comportamentais Direito Empresarial Gest\u00e3o da Qualidade Gest\u00e3o de Custos<\/p><\/div>\n<div class=\"blog-btn\"><a href=\"https:\/\/unice.br\/site\/index.php\/curriculo-de-administracao\/\" class=\"home-blog-btn\">Ler mais<\/a><\/p>\n","protected":false},"author":1,"featured_media":0,"parent":0,"menu_order":0,"comment_status":"closed","ping_status":"closed","template":"","meta":{"footnotes":""},"class_list":["post-271","page","type-page","status-publish","hentry"],"_links":{"self":[{"href":"https:\/\/unice.br\/site\/index.php\/wp-json\/wp\/v2\/pages\/271","targetHints":{"allow":["GET"]}}],"collection":[{"href":"https:\/\/unice.br\/site\/index.php\/wp-json\/wp\/v2\/pages"}],"about":[{"href":"https:\/\/unice.br\/site\/index.php\/wp-json\/wp\/v2\/types\/page"}],"author":[{"embeddable":true,"href":"https:\/\/unice.br\/site\/index.php\/wp-json\/wp\/v2\/users\/1"}],"replies":[{"embeddable":true,"href":"https:\/\/unice.br\/site\/index.php\/wp-json\/wp\/v2\/comments?post=271"}],"version-history":[{"count":3,"href":"https:\/\/unice.br\/site\/index.php\/wp-json\/wp\/v2\/pages\/271\/revisions"}],"predecessor-version":[{"id":298,"href":"https:\/\/unice.br\/site\/index.php\/wp-json\/wp\/v2\/pages\/271\/revisions\/298"}],"wp:attachment":[{"href":"https:\/\/unice.br\/site\/index.php\/wp-json\/wp\/v2\/media?parent=271"}],"curies":[{"name":"wp","href":"https:\/\/api.w.org\/{rel}","templated":true}]}}