{"id":288,"date":"2023-07-23T12:18:12","date_gmt":"2023-07-23T15:18:12","guid":{"rendered":"https:\/\/unice.br\/site\/?page_id=288"},"modified":"2023-07-23T13:09:54","modified_gmt":"2023-07-23T16:09:54","slug":"curriculo-de-farmacia","status":"publish","type":"page","link":"https:\/\/unice.br\/site\/index.php\/curriculo-de-farmacia\/","title":{"rendered":"Curr\u00edculo de Farm\u00e1cia"},"content":{"rendered":"<p><span style=\"color: #000000;\"><strong>Confira as disciplinas do curso de Farm\u00e1cia:<\/strong><\/span><\/p>\n<ul>\n<li><span style=\"color: #000000;\">Anatomia Humana<\/span><\/li>\n<li><span style=\"color: #000000;\">Histologia e Embriologia<\/span><\/li>\n<li><span style=\"color: #000000;\">Matem\u00e1tica<\/span><\/li>\n<li><span style=\"color: #000000;\">Qu\u00edmica Geral<\/span><\/li>\n<li><span style=\"color: #000000;\">Qu\u00edmica Org\u00e2nica I<\/span><\/li>\n<li><span style=\"color: #000000;\">Biologia Celular<\/span><\/li>\n<li><span style=\"color: #000000;\">F\u00edsico-Qu\u00edmica<\/span><\/li>\n<li><span style=\"color: #000000;\">Fisiologia<\/span><\/li>\n<li><span style=\"color: #000000;\">Gen\u00e9tica e Evolu\u00e7\u00e3o Humana<\/span><\/li>\n<li><span style=\"color: #000000;\">Introdu\u00e7\u00e3o Farmac\u00eautica<\/span><\/li>\n<li><span style=\"color: #000000;\">Qu\u00edmica Org\u00e2nica II<\/span><\/li>\n<li><span style=\"color: #000000;\">Bioqu\u00edmica I<\/span><\/li>\n<li><span style=\"color: #000000;\">Farmacobot\u00e2nica<\/span><\/li>\n<li><span style=\"color: #000000;\">Farmacognosia<\/span><\/li>\n<li><span style=\"color: #000000;\">Farmacot\u00e9cnica I<\/span><\/li>\n<li><span style=\"color: #000000;\">Metodologia Cient\u00edfica<\/span><\/li>\n<li><span style=\"color: #000000;\">Microbiologia<\/span><\/li>\n<li><span style=\"color: #000000;\">An\u00e1lise Instrumental<\/span><\/li>\n<li><span style=\"color: #000000;\">Bioqu\u00edmica II<\/span><\/li>\n<li><span style=\"color: #000000;\">Farmacot\u00e9cnica II<\/span><\/li>\n<li><span style=\"color: #000000;\">Imunologia e Parasitologia<\/span><\/li>\n<li><span style=\"color: #000000;\">Marketing<\/span><\/li>\n<li><span style=\"color: #000000;\">Qu\u00edmica Anal\u00edtica Quantitativa<\/span><\/li>\n<li><span style=\"color: #000000;\">Biologia Molecular<\/span><\/li>\n<li><span style=\"color: #000000;\">Bromatologia<\/span><\/li>\n<li><span style=\"color: #000000;\">Farmacodin\u00e2mica I<\/span><\/li>\n<li><span style=\"color: #000000;\">Homeopatia<\/span><\/li>\n<li><span style=\"color: #000000;\">Qu\u00edmica Farmac\u00eautica I<\/span><\/li>\n<li><span style=\"color: #000000;\">Bioqu\u00edmica Cl\u00ednica<\/span><\/li>\n<li><span style=\"color: #000000;\">Farmacodin\u00e2mica II<\/span><\/li>\n<li><span style=\"color: #000000;\">Patologia<\/span><\/li>\n<li><span style=\"color: #000000;\">Qu\u00edmica Farmac\u00eautica II<\/span><\/li>\n<li><span style=\"color: #000000;\">Teoria E Pr\u00e1tica da Cria\u00e7\u00e3o de Neg\u00f3cios<\/span><\/li>\n<li><span style=\"color: #000000;\">An\u00e1lise Bromatol\u00f3gica<\/span><\/li>\n<li><span style=\"color: #000000;\">Citologia Cl\u00ednica<\/span><\/li>\n<li><span style=\"color: #000000;\">\u00c9tica e Legisla\u00e7\u00e3o Profissional<\/span><\/li>\n<li><span style=\"color: #000000;\">Hematologia Cl\u00ednica<\/span><\/li>\n<li><span style=\"color: #000000;\">Toxicologia<\/span><\/li>\n<li><span style=\"color: #000000;\">Controle de Qualidade Biol\u00f3gico<\/span><\/li>\n<li><span style=\"color: #000000;\">Controle de Qualidade F\u00edsico-Qu\u00edmico<\/span><\/li>\n<li><span style=\"color: #000000;\">Cosmetologia<\/span><\/li>\n<li><span style=\"color: #000000;\">Epidemiologia<\/span><\/li>\n<li><span style=\"color: #000000;\">Farm\u00e1cia Hospitalar<\/span><\/li>\n<li><span style=\"color: #000000;\">F\u00edsica Industrial<\/span><\/li>\n<li><span style=\"color: #000000;\">Micologia<\/span><\/li>\n<li><span style=\"color: #000000;\">Microbiologia Cl\u00ednica<\/span><\/li>\n<li><span style=\"color: #000000;\">Pesquisa Cient\u00edfica I<\/span><\/li>\n<li><span style=\"color: #000000;\">Sa\u00fade P\u00fablica<\/span><\/li>\n<li><span style=\"color: #000000;\">Imunologia Cl\u00ednica<\/span><\/li>\n<li><span style=\"color: #000000;\">Parasitologia Cl\u00ednica<\/span><\/li>\n<li><span style=\"color: #000000;\">Pesquisa Cient\u00edfica II<\/span><\/li>\n<li><span style=\"color: #000000;\">Primeiros Socorros<\/span><\/li>\n<li><span style=\"color: #000000;\">Est\u00e1gio Curricular em Farm\u00e1cia<\/span><\/li>\n<li><span style=\"color: #000000;\">Atividades Acad\u00eamicas Complementares<\/span><\/li>\n<\/ul>\n<p><span style=\"color: #000000;\"><strong>Disciplinas Optativas<\/strong><\/span><\/p>\n<ul>\n<li><span style=\"color: #000000;\">Aten\u00e7\u00e3o Farmac\u00eautica<\/span><\/li>\n<li><span style=\"color: #000000;\">Direitos Humanos<\/span><\/li>\n<li><span style=\"color: #000000;\">Educa\u00e7\u00e3o Ambiental<\/span><\/li>\n<li><span style=\"color: #000000;\">Inform\u00e1tica<\/span><\/li>\n<li><span style=\"color: #000000;\">Comunica\u00e7\u00e3o e Express\u00e3o<\/span><\/li>\n<li><span style=\"color: #000000;\">Espanhol I<\/span><\/li>\n<li><span style=\"color: #000000;\">Etnia, Sociedade e Cultura Brasileira<\/span><\/li>\n<li><span style=\"color: #000000;\">Biosseguran\u00e7a<\/span><\/li>\n<li><span style=\"color: #000000;\">Ingl\u00eas I<\/span><\/li>\n<li><span style=\"color: #000000;\">L\u00edngua Brasileira de Sinais<\/span><\/li>\n<li><span style=\"color: #000000;\">Rela\u00e7\u00e3o Ci\u00eancia, Tecnologia e Sociedade<\/span><\/li>\n<\/ul>\n<p style=\"text-align: center;\"><a href=\"https:\/\/unice.br\/site\/index.php\/farmacia\/\"><span style=\"color: #ce1b28;\"><strong>Voltar<\/strong><\/span><\/a><\/p>\n","protected":false},"excerpt":{"rendered":"<p>Confira as disciplinas do curso de Farm\u00e1cia: Anatomia Humana Histologia e Embriologia Matem\u00e1tica Qu\u00edmica Geral Qu\u00edmica Org\u00e2nica I Biologia Celular F\u00edsico-Qu\u00edmica Fisiologia Gen\u00e9tica e Evolu\u00e7\u00e3o Humana Introdu\u00e7\u00e3o Farmac\u00eautica Qu\u00edmica Org\u00e2nica II Bioqu\u00edmica I Farmacobot\u00e2nica Farmacognosia Farmacot\u00e9cnica I Metodologia Cient\u00edfica Microbiologia An\u00e1lise Instrumental Bioqu\u00edmica II Farmacot\u00e9cnica II Imunologia e Parasitologia Marketing Qu\u00edmica Anal\u00edtica Quantitativa Biologia Molecular<\/p><\/div>\n<div class=\"blog-btn\"><a href=\"https:\/\/unice.br\/site\/index.php\/curriculo-de-farmacia\/\" class=\"home-blog-btn\">Ler mais<\/a><\/p>\n","protected":false},"author":1,"featured_media":0,"parent":0,"menu_order":0,"comment_status":"closed","ping_status":"closed","template":"","meta":{"footnotes":""},"class_list":["post-288","page","type-page","status-publish","hentry"],"_links":{"self":[{"href":"https:\/\/unice.br\/site\/index.php\/wp-json\/wp\/v2\/pages\/288","targetHints":{"allow":["GET"]}}],"collection":[{"href":"https:\/\/unice.br\/site\/index.php\/wp-json\/wp\/v2\/pages"}],"about":[{"href":"https:\/\/unice.br\/site\/index.php\/wp-json\/wp\/v2\/types\/page"}],"author":[{"embeddable":true,"href":"https:\/\/unice.br\/site\/index.php\/wp-json\/wp\/v2\/users\/1"}],"replies":[{"embeddable":true,"href":"https:\/\/unice.br\/site\/index.php\/wp-json\/wp\/v2\/comments?post=288"}],"version-history":[{"count":5,"href":"https:\/\/unice.br\/site\/index.php\/wp-json\/wp\/v2\/pages\/288\/revisions"}],"predecessor-version":[{"id":292,"href":"https:\/\/unice.br\/site\/index.php\/wp-json\/wp\/v2\/pages\/288\/revisions\/292"}],"wp:attachment":[{"href":"https:\/\/unice.br\/site\/index.php\/wp-json\/wp\/v2\/media?parent=288"}],"curies":[{"name":"wp","href":"https:\/\/api.w.org\/{rel}","templated":true}]}}