{"id":54,"date":"2023-07-08T11:35:59","date_gmt":"2023-07-08T14:35:59","guid":{"rendered":"https:\/\/unice.br\/site\/?page_id=54"},"modified":"2023-07-11T20:33:58","modified_gmt":"2023-07-11T23:33:58","slug":"pos-graduacao","status":"publish","type":"page","link":"https:\/\/unice.br\/site\/index.php\/pos-graduacao\/","title":{"rendered":"P\u00f3s-Gradua\u00e7\u00e3o"},"content":{"rendered":"<p><span style=\"color: #000000;\"><strong>INFORMA\u00c7\u00d5ES P\u00d3S-GRADUA\u00c7\u00c3O UNICE &#8211; ENSINO SUPERIOR<\/strong><\/span><\/p>\n<p><span style=\"color: #000000;\">Para os cursos com carga hor\u00e1ria de at\u00e9 990 horas, o\u00a0tempo\u00a0m\u00ednimo de conclus\u00e3o do curso ser\u00e1 6 meses. Para cursos com carga hor\u00e1ria igual ou superior a 1000 horas, a dura\u00e7\u00e3o m\u00ednima ser\u00e1 de 10 meses. Todos os cursos possuem dura\u00e7\u00e3o m\u00e1xima de 18 meses.<\/span><\/p>\n","protected":false},"excerpt":{"rendered":"<p>INFORMA\u00c7\u00d5ES P\u00d3S-GRADUA\u00c7\u00c3O UNICE &#8211; ENSINO SUPERIOR Para os cursos com carga hor\u00e1ria de at\u00e9 990 horas, o\u00a0tempo\u00a0m\u00ednimo de conclus\u00e3o do curso ser\u00e1 6 meses. Para cursos com carga hor\u00e1ria igual ou superior a 1000 horas, a dura\u00e7\u00e3o m\u00ednima ser\u00e1 de 10 meses. Todos os cursos possuem dura\u00e7\u00e3o m\u00e1xima de 18 meses.<\/p>\n","protected":false},"author":1,"featured_media":0,"parent":0,"menu_order":0,"comment_status":"closed","ping_status":"closed","template":"","meta":{"footnotes":""},"class_list":["post-54","page","type-page","status-publish","hentry"],"_links":{"self":[{"href":"https:\/\/unice.br\/site\/index.php\/wp-json\/wp\/v2\/pages\/54","targetHints":{"allow":["GET"]}}],"collection":[{"href":"https:\/\/unice.br\/site\/index.php\/wp-json\/wp\/v2\/pages"}],"about":[{"href":"https:\/\/unice.br\/site\/index.php\/wp-json\/wp\/v2\/types\/page"}],"author":[{"embeddable":true,"href":"https:\/\/unice.br\/site\/index.php\/wp-json\/wp\/v2\/users\/1"}],"replies":[{"embeddable":true,"href":"https:\/\/unice.br\/site\/index.php\/wp-json\/wp\/v2\/comments?post=54"}],"version-history":[{"count":3,"href":"https:\/\/unice.br\/site\/index.php\/wp-json\/wp\/v2\/pages\/54\/revisions"}],"predecessor-version":[{"id":228,"href":"https:\/\/unice.br\/site\/index.php\/wp-json\/wp\/v2\/pages\/54\/revisions\/228"}],"wp:attachment":[{"href":"https:\/\/unice.br\/site\/index.php\/wp-json\/wp\/v2\/media?parent=54"}],"curies":[{"name":"wp","href":"https:\/\/api.w.org\/{rel}","templated":true}]}}