{"id":7,"date":"2023-07-08T11:04:59","date_gmt":"2023-07-08T14:04:59","guid":{"rendered":"https:\/\/unice.br\/site\/?page_id=7"},"modified":"2023-07-23T13:07:04","modified_gmt":"2023-07-23T16:07:04","slug":"administracao","status":"publish","type":"page","link":"https:\/\/unice.br\/site\/index.php\/administracao\/","title":{"rendered":"Administra\u00e7\u00e3o"},"content":{"rendered":"<p><span style=\"color: #000000;\"><\/span><\/p>\r\n<p><span style=\"color: #000000;\"><b>APRESENTA\u00c7\u00c3O<\/b><\/span><\/p>\r\n<p><span style=\"color: #000000;\">\r\n\r\n<\/span><\/p>\r\n<p style=\"text-align: justify;\"><span style=\"font-weight: 400; color: #000000;\">O curso de Administra\u00e7\u00e3o da UNICE baseia-se na vis\u00e3o de mundo dos neg\u00f3cios, que considera as perspectivas contempor\u00e2neas, direcionando-o para as demandas do mercado e preparando-os para gerenciar recursos financeiros, humanos e materiais das organiza\u00e7\u00f5es.<\/span><\/p>\r\n<p><span style=\"color: #000000;\">\r\n\r\n<\/span><\/p>\r\n<p><span style=\"color: #000000;\"><b>MERCADO DE TRABALHO<\/b><\/span><\/p>\r\n<p><span style=\"color: #000000;\">\r\n\r\n<\/span><\/p>\r\n<p style=\"text-align: justify;\"><span style=\"font-weight: 400; color: #000000;\">A rotina do Bacharel em Administra\u00e7\u00e3o envolve estat\u00edsticas, n\u00fameros, planejamentos e relacionamentos, al\u00e9m de exigir a constante atualiza\u00e7\u00e3o sobre tend\u00eancias de mercado, situa\u00e7\u00e3o da concorr\u00eancia, legisla\u00e7\u00f5es relacionadas ao setor, p\u00fablico alvo, economia nacional e mundial, al\u00e9m de muitos outros assuntos que fazem parte do mundo da administra\u00e7\u00e3o.<\/span><\/p>\r\n<p><span style=\"color: #000000;\">\r\n\r\n<\/span><\/p>\r\n<p style=\"text-align: justify;\"><span style=\"font-weight: 400; color: #000000;\">Como reflexo desta versatilidade do administrador e com o mercado exigindo cada vez mais gestores especializados em tipos de organiza\u00e7\u00f5es diferentes, a demanda para este profissional \u00e9 uma das mais est\u00e1veis.<\/span><\/p>\r\n<p><span style=\"color: #000000;\">\r\n\r\n<\/span><\/p>\r\n<p style=\"text-align: justify;\"><span style=\"font-weight: 400; color: #000000;\">A especializa\u00e7\u00e3o ou MBA em \u00e1reas espec\u00edficas vem se mostrando um est\u00e1gio necess\u00e1rio para uma carreira saud\u00e1vel como administrador, que disp\u00f5e de v\u00e1rias op\u00e7\u00f5es nas institui\u00e7\u00f5es de n\u00edvel superior, incluindo as que oferecem cursos de p\u00f3s-gradua\u00e7\u00e3o EAD.<\/span><\/p>\r\n<p><span style=\"color: #000000;\">\r\n\r\n<\/span><\/p>\r\n<p style=\"text-align: justify;\"><span style=\"font-weight: 400; color: #000000;\">\u00c9 muito comum que empresas de portes variados ofere\u00e7am est\u00e1gios ou contratem o graduando em administra\u00e7\u00e3o como trainee, investindo no futuro profissional at\u00e9 que esteja p\u00f3s-graduado. Em est\u00e1gios avan\u00e7ados em sua carreira, podem ocupar cargos como gerentes, diretores, presidentes, CEO e executivos em geral.<\/span><\/p>\r\n<p><a href=\"https:\/\/unice.br\/site\/index.php\/curriculo-de-administracao\/\" rel=\"noopener\"><strong><span style=\"color: #000000;\">ESTRUTURA CURRICULAR<\/span><\/strong><\/a><\/p>\r\n<p><span style=\"color: #000000;\">\r\n\r\n<\/span><\/p>\r\n<p><span style=\"color: #000000;\"><b>FORMAS DE INGRESSO<\/b><\/span><\/p>\r\n<p><span style=\"color: #000000;\">\r\n\r\n<\/span><\/p>\r\n<ul class=\"wp-block-list\">\r\n<li><span style=\"font-weight: 400; color: #000000;\">Vestibular agendado<\/span><\/li>\r\n\r\n\r\n\r\n<li><span style=\"font-weight: 400; color: #000000;\">Vestibular tradicional<\/span><\/li>\r\n\r\n\r\n\r\n<li><span style=\"font-weight: 400; color: #000000;\">ENEM<\/span><\/li>\r\n\r\n\r\n\r\n<li><span style=\"font-weight: 400; color: #000000;\">Segunda Gradua\u00e7\u00e3o<\/span><\/li>\r\n\r\n\r\n\r\n<li><span style=\"font-weight: 400; color: #000000;\">Transfer\u00eancia<\/span><\/li>\r\n<\/ul>\r\n<p><span style=\"color: #000000;\">\r\n\r\n<\/span><\/p>\r\n<p><span style=\"color: #000000;\"><b>INFORMA\u00c7\u00d5ES<\/b><\/span><\/p>\r\n<p><span style=\"color: #000000;\">\r\n\r\n<\/span><\/p>\r\n<p><span style=\"color: #000000;\"><b>Localiza\u00e7\u00e3o: <\/b><span style=\"font-weight: 400;\">Rua Dona Leopoldina, 912 &#8211; Centro<\/span><\/span><\/p>\r\n<p><span style=\"color: #000000;\">\r\n\r\n<\/span><\/p>\r\n<p><span style=\"color: #000000;\"><b>Turnos: <\/b><span style=\"font-weight: 400;\">Noite<\/span><\/span><\/p>\r\n<p><span style=\"color: #000000;\">\r\n\r\n<\/span><\/p>\r\n<p><span style=\"color: #000000;\"><b>Dura\u00e7\u00e3o:<\/b><span style=\"font-weight: 400;\"> 4 anos<\/span><\/span><\/p>\r\n<p><span style=\"color: #000000;\"><strong><a style=\"color: #000000;\" href=\"https:\/\/unice.br\/site\/index.php\/calculo-para-aprovacao-graduacao\/\" target=\"_blank\" rel=\"noopener\">C\u00c1LCULO PARA APROVA\u00c7\u00c3O<\/a><\/strong><\/span><\/p>\r\n<p><span style=\"color: #000000;\"><\/span><\/p>","protected":false},"excerpt":{"rendered":"<p>APRESENTA\u00c7\u00c3O O curso de Administra\u00e7\u00e3o da UNICE baseia-se na vis\u00e3o de mundo dos neg\u00f3cios, que considera as perspectivas contempor\u00e2neas, direcionando-o para as demandas do mercado e preparando-os para gerenciar recursos financeiros, humanos e materiais das organiza\u00e7\u00f5es. MERCADO DE TRABALHO A rotina do Bacharel em Administra\u00e7\u00e3o envolve estat\u00edsticas, n\u00fameros, planejamentos e relacionamentos, al\u00e9m de exigir a<\/p><\/div>\n<div class=\"blog-btn\"><a href=\"https:\/\/unice.br\/site\/index.php\/administracao\/\" class=\"home-blog-btn\">Ler mais<\/a><\/p>\n","protected":false},"author":1,"featured_media":0,"parent":0,"menu_order":0,"comment_status":"closed","ping_status":"closed","template":"","meta":{"footnotes":""},"class_list":["post-7","page","type-page","status-publish","hentry"],"_links":{"self":[{"href":"https:\/\/unice.br\/site\/index.php\/wp-json\/wp\/v2\/pages\/7","targetHints":{"allow":["GET"]}}],"collection":[{"href":"https:\/\/unice.br\/site\/index.php\/wp-json\/wp\/v2\/pages"}],"about":[{"href":"https:\/\/unice.br\/site\/index.php\/wp-json\/wp\/v2\/types\/page"}],"author":[{"embeddable":true,"href":"https:\/\/unice.br\/site\/index.php\/wp-json\/wp\/v2\/users\/1"}],"replies":[{"embeddable":true,"href":"https:\/\/unice.br\/site\/index.php\/wp-json\/wp\/v2\/comments?post=7"}],"version-history":[{"count":10,"href":"https:\/\/unice.br\/site\/index.php\/wp-json\/wp\/v2\/pages\/7\/revisions"}],"predecessor-version":[{"id":296,"href":"https:\/\/unice.br\/site\/index.php\/wp-json\/wp\/v2\/pages\/7\/revisions\/296"}],"wp:attachment":[{"href":"https:\/\/unice.br\/site\/index.php\/wp-json\/wp\/v2\/media?parent=7"}],"curies":[{"name":"wp","href":"https:\/\/api.w.org\/{rel}","templated":true}]}}