{"id":72,"date":"2023-07-08T11:44:38","date_gmt":"2023-07-08T14:44:38","guid":{"rendered":"https:\/\/unice.br\/site\/?page_id=72"},"modified":"2023-07-09T14:01:02","modified_gmt":"2023-07-09T17:01:02","slug":"nossa-historia","status":"publish","type":"page","link":"https:\/\/unice.br\/site\/index.php\/nossa-historia\/","title":{"rendered":"Nossa Hist\u00f3ria"},"content":{"rendered":"<p style=\"text-align: justify;\"><span style=\"color: #000000;\"><span style=\"font-weight: 400;\">A <\/span><b>UNICE \u2013 <\/b><span style=\"font-weight: 400;\">Ensino Superior, com quase 30 anos de tradi\u00e7\u00e3o iniciou suas atividades em 5 de setembro de 1995, tornou-se uma refer\u00eancia de ensino qualificado, em Gradua\u00e7\u00e3o, P\u00f3s-Gradua\u00e7\u00e3o e Extens\u00e3o. Sua avalia\u00e7\u00e3o no mercado de trabalho \u00e9 considerada como formadora de profissionais por excel\u00eancia.<\/span><\/span><\/p>\n<p style=\"text-align: justify;\"><span style=\"font-weight: 400; color: #000000;\">A proposta pedag\u00f3gica de nossas Faculdades e Cursos \u00e9 oferecer recursos educacionais vi\u00e1veis \u00e0 forma\u00e7\u00e3o de capacitados que supram as exig\u00eancias das organiza\u00e7\u00f5es empreendedoras. Nossos professores s\u00e3o doutores, mestres e especialistas, com grande experi\u00eancia acad\u00eamica, prontificados em transmitir conhecimentos te\u00f3ricos aliados \u00e0 pr\u00e1tica profissional. Estamos sempre presentes no desenvolvimento de cada um de nossos alunos, pensando e fazendo a diferen\u00e7a.<\/span><\/p>\n<p style=\"text-align: justify;\"><span style=\"font-weight: 400; color: #000000;\">Acreditamos que na busca de maiores saberes, o aluno deve assumir e desenvolver h\u00e1bitos de estudo que o encaminha para o aprender pela pesquisa. Para tanto, faz-se necess\u00e1rio o desenvolvimento da capacidade de observar, selecionar, organizar e exercer o pensamento cr\u00edtico sobre a realidade social.<\/span><\/p>\n<p style=\"text-align: justify;\"><span style=\"font-weight: 400; color: #000000;\">Portanto, os cursos de gradua\u00e7\u00e3o e p\u00f3s-gradua\u00e7\u00e3o, embasados na compet\u00eancia t\u00e9cnica &#8211; profissional, cient\u00edfica e a pol\u00edtica, formam profissionais capazes, frente a seus prop\u00f3sitos vocacionais e estruturas em conhecimentos cient\u00edficos e pr\u00e1ticos.<\/span><\/p>\n<p>&nbsp;<\/p>\n<h4><span style=\"color: #000000;\"><strong>Quem Somos?<\/strong><\/span><\/h4>\n<p><span style=\"color: #000000;\"><b>UNICE<\/b><strong> \u2013 Ensino Superior<\/strong><\/span><\/p>\n<p style=\"text-align: justify;\"><span style=\"font-weight: 400; color: #000000;\">Associa\u00e7\u00e3o de Institui\u00e7\u00f5es de Ensino que t\u00eam como objetivo principal levar os alunos de ensino superior a uma aprendizagem significativa com aplicabilidade na vida, prevendo, planejando e executando com sabedoria a compet\u00eancia, como tamb\u00e9m desenvolvendo a\u00a0 sensibilidade do corpo docente e sobre a import\u00e2ncia do exerc\u00edcio pleno da cidadania.<\/span><\/p>\n<p><span style=\"color: #000000;\"><b>LEMA<\/b><\/span><\/p>\n<p><span style=\"color: #000000;\"><span style=\"font-weight: 400;\">O nosso<\/span> <span style=\"font-weight: 400;\">lema, que se traduz em sucesso, est\u00e1 embasado em tr\u00eas pilares s\u00f3lidos: Qualidade, Seriedade e Compet\u00eancia.\u00a0\u00a0\u00a0\u00a0 <\/span><span style=\"font-weight: 400;\">\u00a0 \u00a0<\/span><\/span><\/p>\n<p><span style=\"color: #000000;\"><b>\u00a0DESAFIOS<\/b><\/span><\/p>\n<ul>\n<li><span style=\"font-weight: 400; color: #000000;\">Ir al\u00e9m da transmiss\u00e3o e da reprodu\u00e7\u00e3o do conhecimento existente.<\/span><\/li>\n<li><span style=\"font-weight: 400; color: #000000;\">Criar condi\u00e7\u00f5es de descobertas de novos conhecimentos.<\/span><\/li>\n<li><span style=\"font-weight: 400; color: #000000;\">Enfrentar com criatividade os desafios para se atingir as metas desejadas.<\/span><\/li>\n<\/ul>\n<p><span style=\"color: #000000;\"><b>RESPONSABILIDADE SOCIAL<\/b><\/span><\/p>\n<p style=\"text-align: justify;\"><span style=\"font-weight: 400; color: #000000;\">A Institui\u00e7\u00e3o trabalha a Responsabilidade Social ofertando bolsas de estudos, est\u00e1gios, como tamb\u00e9m a\u00e7\u00f5es volunt\u00e1rias em benef\u00edcio da sociedade, incluindo iniciativas internas, como tamb\u00e9m externamente com parcerias de Associa\u00e7\u00f5es beneficentes.<\/span><\/p>\n","protected":false},"excerpt":{"rendered":"<p>A UNICE \u2013 Ensino Superior, com quase 30 anos de tradi\u00e7\u00e3o iniciou suas atividades em 5 de setembro de 1995, tornou-se uma refer\u00eancia de ensino qualificado, em Gradua\u00e7\u00e3o, P\u00f3s-Gradua\u00e7\u00e3o e Extens\u00e3o. Sua avalia\u00e7\u00e3o no mercado de trabalho \u00e9 considerada como formadora de profissionais por excel\u00eancia. A proposta pedag\u00f3gica de nossas Faculdades e Cursos \u00e9 oferecer<\/p><\/div>\n<div class=\"blog-btn\"><a href=\"https:\/\/unice.br\/site\/index.php\/nossa-historia\/\" class=\"home-blog-btn\">Ler mais<\/a><\/p>\n","protected":false},"author":1,"featured_media":0,"parent":0,"menu_order":0,"comment_status":"closed","ping_status":"closed","template":"","meta":{"footnotes":""},"class_list":["post-72","page","type-page","status-publish","hentry"],"_links":{"self":[{"href":"https:\/\/unice.br\/site\/index.php\/wp-json\/wp\/v2\/pages\/72","targetHints":{"allow":["GET"]}}],"collection":[{"href":"https:\/\/unice.br\/site\/index.php\/wp-json\/wp\/v2\/pages"}],"about":[{"href":"https:\/\/unice.br\/site\/index.php\/wp-json\/wp\/v2\/types\/page"}],"author":[{"embeddable":true,"href":"https:\/\/unice.br\/site\/index.php\/wp-json\/wp\/v2\/users\/1"}],"replies":[{"embeddable":true,"href":"https:\/\/unice.br\/site\/index.php\/wp-json\/wp\/v2\/comments?post=72"}],"version-history":[{"count":12,"href":"https:\/\/unice.br\/site\/index.php\/wp-json\/wp\/v2\/pages\/72\/revisions"}],"predecessor-version":[{"id":203,"href":"https:\/\/unice.br\/site\/index.php\/wp-json\/wp\/v2\/pages\/72\/revisions\/203"}],"wp:attachment":[{"href":"https:\/\/unice.br\/site\/index.php\/wp-json\/wp\/v2\/media?parent=72"}],"curies":[{"name":"wp","href":"https:\/\/api.w.org\/{rel}","templated":true}]}}