{"id":79,"date":"2023-07-08T11:46:38","date_gmt":"2023-07-08T14:46:38","guid":{"rendered":"https:\/\/unice.br\/site\/?page_id=79"},"modified":"2023-07-23T12:18:40","modified_gmt":"2023-07-23T15:18:40","slug":"farmacia","status":"publish","type":"page","link":"https:\/\/unice.br\/site\/index.php\/farmacia\/","title":{"rendered":"Farm\u00e1cia"},"content":{"rendered":"<p><span style=\"color: #000000;\"><b>APRESENTA\u00c7\u00c3O<\/b><\/span><\/p>\n<p style=\"text-align: justify;\"><span style=\"font-weight: 400; color: #000000;\">A Faculdade de Farm\u00e1cia da UNICE desenvolve h\u00e1 mais de 10 anos, com excel\u00eancia, o seu projeto pedag\u00f3gico que \u00e9 reconhecido pelo Minist\u00e9rio da Educa\u00e7\u00e3o.<\/span><\/p>\n<p style=\"text-align: justify;\"><span style=\"color: #000000;\"><span style=\"font-weight: 400;\">\u00a0<\/span><span style=\"font-weight: 400;\">A estrutura curricular alinha os processos pedag\u00f3gicos para fornecer aos educandos s\u00f3lida forma\u00e7\u00e3o pr\u00e1tica e te\u00f3rica na articula\u00e7\u00e3o das concep\u00e7\u00f5es das estrat\u00e9gias, dos m\u00e9todos e dos conte\u00fados para a produ\u00e7\u00e3o de resultados no desempenho profissional.<\/span><\/span><\/p>\n<p style=\"text-align: justify;\"><span style=\"color: #000000;\"><span style=\"font-weight: 400;\">\u00a0<\/span><span style=\"font-weight: 400;\">A \u00eanfase do curso est\u00e1 no relacionamento entre os docentes e os discentes, diferencial que facilita muito o aprendizado. O coordenador, professor Mestre F\u00e1bio Luiz Tartuce Filho, formado pela USP-Universidade de S\u00e3o Paulo considerada uma das melhores faculdades de farm\u00e1cia do pa\u00eds, acompanha com dedica\u00e7\u00e3o exclusiva o envolvimento dos profissionais de ensino com o objetivo de alcan\u00e7ar bons resultados e defini\u00e7\u00e3o de metas para atender aos padr\u00f5es de qualidade requeridos pela comunidade cearense, na qual a Institui\u00e7\u00e3o est\u00e1 inserida.<\/span><\/span><\/p>\n<p style=\"text-align: justify;\"><span style=\"color: #000000;\"><span style=\"font-weight: 400;\">\u00a0<\/span><span style=\"font-weight: 400;\">A troca de experi\u00eancias acad\u00eamicas \u00e9 intensa e a do mercado de trabalho \u00e9 competitiva, fortalecendo, no IESF, o aprimoramento do aluno em um ambiente educacionalmente estimulante e motivador minimizando, desse modo, quando surgem dificuldades. Os professores, altamente qualificados, t\u00eam vontade de ensinar e despertam, no discente, o desejo de aprender.<\/span><\/span><\/p>\n<p style=\"text-align: justify;\"><span style=\"color: #000000;\"><span style=\"font-weight: 400;\">\u00a0<\/span><span style=\"font-weight: 400;\">O curso exige amplos conhecimentos e o empenho em cinco (5) anos s\u00e3o recompensados por um excelente retorno financeiro e pessoal.<\/span><\/span><\/p>\n<p style=\"text-align: justify;\"><span style=\"color: #000000;\"><span style=\"font-weight: 400;\">\u00a0<\/span><span style=\"font-weight: 400;\">Os projetos desenvolvidos nos laborat\u00f3rios desafiam o aluno a aplicar seu conhecimento com uma vis\u00e3o empreendedora. O Curso de Farm\u00e1cia do IESF habilita profissionais competentes que desempenham no mercado de trabalho, quer nacional ou internacional, as diversas atividades da profiss\u00e3o.<\/span><\/span><\/p>\n<p style=\"text-align: justify;\"><span style=\"color: #000000;\"><span style=\"font-weight: 400;\">\u00a0<\/span><span style=\"font-weight: 400;\">S\u00e3o mais de 200 farmac\u00eauticos formados com qualidade e credibilidade.<\/span><\/span><\/p>\n<p><span style=\"color: #000000;\"><b>MERCADO DE TRABALHO<\/b><\/span><\/p>\n<p style=\"text-align: justify;\"><span style=\"font-weight: 400; color: #000000;\">O crescimento do setor farmac\u00eautico na cidade de Fortaleza e no Brasil ocorre de forma acelerada e consistente. Para o profissional farmac\u00eautico n\u00e3o falta trabalho e apresenta crescente retorno financeiro, seja como empreendedor, como pesquisador\u00a0 ou como colaborador.<\/span><\/p>\n<p style=\"text-align: justify;\"><span style=\"font-weight: 400; color: #000000;\">Verifica-se na atualidade, principalmente nos \u00faltimos anos, uma visibilidade imensur\u00e1vel devido ao aumento da atua\u00e7\u00e3o e das responsabilidades do farmac\u00eautico.\u00a0<\/span><\/p>\n<p style=\"text-align: justify;\"><span style=\"font-weight: 400; color: #000000;\">Vale destacar: Aten\u00e7\u00e3o Farmac\u00eautica, Farm\u00e1cia Hospitalar e Farm\u00e1cia Cl\u00ednica, Sa\u00fade P\u00fablica, concursos e auditoria, a atua\u00e7\u00e3o em vacina\u00e7\u00e3o e a inspe\u00e7\u00e3o sanit\u00e1ria. Importante, tamb\u00e9m, o investimento das grandes redes em novas unidades de farm\u00e1cia, a expans\u00e3o das vendas de medicamentos, de cosm\u00e9ticos, de alimentos e o do aumento da demanda por cuidados da sa\u00fade, s\u00e3o alguns exemplos do amplo mercado que o farmac\u00eautico atua.<\/span><\/p>\n<p style=\"text-align: justify;\"><span style=\"font-weight: 400; color: #000000;\">S\u00e3o mais de 80 campos de atua\u00e7\u00e3o que o farmac\u00eautico desempenha sua profiss\u00e3o em favor da sociedade Brasileira.<\/span><\/p>\n<p style=\"text-align: justify;\"><span style=\"font-weight: 400; color: #000000;\">No Cear\u00e1, no Munic\u00edpio Eus\u00e9bio, bairro Precabura, encontra-se o Centro de Forma\u00e7\u00e3o, Pesquisa e Desenvolvimento da Funda\u00e7\u00e3o Oswaldo Cruz &#8211; FIOCRUZ,\u00a0 Polo Industrial e Tecnol\u00f3gico da Sa\u00fade, um setor da sa\u00fade de grande import\u00e2ncia, j\u00e1 que \u00e9 um segmento de alto valor agregado, que emprega m\u00e3o de obra especializada, cujo desenvolvimento tecnol\u00f3gico perpassa a expans\u00e3o industrial de f\u00e1rmacos e medicamentos. Por essa raz\u00e3o, a UNICE busca como sendo indispens\u00e1vel focalizar novas estrat\u00e9gias de crescimento para fazer face \u00e0 competitividade arraigada no mundo atual.<\/span><\/p>\n<p><a href=\"https:\/\/unice.br\/site\/index.php\/curriculo-de-farmacia\/\" target=\"_blank\" rel=\"noopener\"><span style=\"color: #000000;\"><b>ESTRUTURA CURRICULAR<\/b><\/span><\/a><\/p>\n<p><span style=\"color: #000000;\"><b>FORMAS DE INGRESSO<\/b><\/span><\/p>\n<ul>\n<li style=\"font-weight: 400;\" aria-level=\"1\"><span style=\"font-weight: 400; color: #000000;\">Vestibular agendado<\/span><\/li>\n<li style=\"font-weight: 400;\" aria-level=\"1\"><span style=\"font-weight: 400; color: #000000;\">Vestibular tradicional<\/span><\/li>\n<li style=\"font-weight: 400;\" aria-level=\"1\"><span style=\"font-weight: 400; color: #000000;\">ENEM<\/span><\/li>\n<li style=\"font-weight: 400;\" aria-level=\"1\"><span style=\"font-weight: 400; color: #000000;\">Segunda Gradua\u00e7\u00e3o<\/span><\/li>\n<li style=\"font-weight: 400;\" aria-level=\"1\"><span style=\"font-weight: 400; color: #000000;\">Transfer\u00eancia<\/span><\/li>\n<\/ul>\n<p><span style=\"color: #000000;\"><b>INFORMA\u00c7\u00d5ES<\/b><\/span><\/p>\n<p><span style=\"color: #000000;\"><b>Localiza\u00e7\u00e3o: <\/b><span style=\"font-weight: 400;\">Rua Dona Leopoldina, 912 &#8211; Centro<\/span><\/span><\/p>\n<p><span style=\"color: #000000;\"><b>Turnos: <\/b><span style=\"font-weight: 400;\">\u00a0Noite<\/span><\/span><\/p>\n<p><span style=\"color: #000000;\"><b>Dura\u00e7\u00e3o:<\/b><span style=\"font-weight: 400;\"> 10 semestres<\/span><\/span><\/p>\n<p><a href=\"https:\/\/unice.br\/site\/index.php\/calculo-para-aprovacao-graduacao\/\" target=\"_blank\" rel=\"noopener\"><span style=\"color: #000000;\"><b>C\u00c1LCULO PARA APROVA\u00c7\u00c3O<\/b><\/span><\/a><\/p>\n","protected":false},"excerpt":{"rendered":"<p>APRESENTA\u00c7\u00c3O A Faculdade de Farm\u00e1cia da UNICE desenvolve h\u00e1 mais de 10 anos, com excel\u00eancia, o seu projeto pedag\u00f3gico que \u00e9 reconhecido pelo Minist\u00e9rio da Educa\u00e7\u00e3o. \u00a0A estrutura curricular alinha os processos pedag\u00f3gicos para fornecer aos educandos s\u00f3lida forma\u00e7\u00e3o pr\u00e1tica e te\u00f3rica na articula\u00e7\u00e3o das concep\u00e7\u00f5es das estrat\u00e9gias, dos m\u00e9todos e dos conte\u00fados para a<\/p><\/div>\n<div class=\"blog-btn\"><a href=\"https:\/\/unice.br\/site\/index.php\/farmacia\/\" class=\"home-blog-btn\">Ler mais<\/a><\/p>\n","protected":false},"author":1,"featured_media":0,"parent":0,"menu_order":0,"comment_status":"closed","ping_status":"closed","template":"","meta":{"footnotes":""},"class_list":["post-79","page","type-page","status-publish","hentry"],"_links":{"self":[{"href":"https:\/\/unice.br\/site\/index.php\/wp-json\/wp\/v2\/pages\/79","targetHints":{"allow":["GET"]}}],"collection":[{"href":"https:\/\/unice.br\/site\/index.php\/wp-json\/wp\/v2\/pages"}],"about":[{"href":"https:\/\/unice.br\/site\/index.php\/wp-json\/wp\/v2\/types\/page"}],"author":[{"embeddable":true,"href":"https:\/\/unice.br\/site\/index.php\/wp-json\/wp\/v2\/users\/1"}],"replies":[{"embeddable":true,"href":"https:\/\/unice.br\/site\/index.php\/wp-json\/wp\/v2\/comments?post=79"}],"version-history":[{"count":3,"href":"https:\/\/unice.br\/site\/index.php\/wp-json\/wp\/v2\/pages\/79\/revisions"}],"predecessor-version":[{"id":291,"href":"https:\/\/unice.br\/site\/index.php\/wp-json\/wp\/v2\/pages\/79\/revisions\/291"}],"wp:attachment":[{"href":"https:\/\/unice.br\/site\/index.php\/wp-json\/wp\/v2\/media?parent=79"}],"curies":[{"name":"wp","href":"https:\/\/api.w.org\/{rel}","templated":true}]}}